{"id":808,"date":"2021-09-22T21:04:39","date_gmt":"2021-09-23T03:04:39","guid":{"rendered":"http:\/\/miguelsalmondelreal.com\/?page_id=808"},"modified":"2021-10-26T12:32:50","modified_gmt":"2021-10-26T18:32:50","slug":"conducted-singers","status":"publish","type":"page","link":"https:\/\/miguelsalmondelreal.com\/es\/25-years-conducting\/conducted-singers\/","title":{"rendered":"Cantantes dirigidos"},"content":{"rendered":"<p><\/p>\n<h2 align=\"center\"><span style=\"font-size: medium;\"><b>VOZ<\/b><\/span><\/h2>\n<ul>\n<li><span style=\"font-size: medium;\">Teresa Navarro Agraz (Soprano, M\u00e9xico \u2013 OFS 2009)<\/span><\/li>\n<li><span style=\"font-size: medium;\">Gloria Labbadia (Soprano, Italia \u2013 Orchestra da Camera Citt\u00e0 di Fondi 2017)<\/span><\/li>\n<li><span style=\"font-size: medium;\">Valentina Pennacchini (Mezzozoprano, Italia \u2013 Orchestra da Camera Citt\u00e0 di Fondi 2017)<\/span><\/li>\n<li><span style=\"font-size: medium;\">Li Yi Xiao (Soprano, China\/Italia \u2013 Orchestra Domenico Scarlatti 2019)<\/span><\/li>\n<li><span style=\"font-size: medium;\">Isabella Messinese (Contralto, Italia \u2013 Orchestra Domenico Scarlatti 2019)<\/span><\/li>\n<li><span style=\"font-size: medium;\">Kentaro Kitaya (Tenor, Jap\u00f3n\/Italia \u2013 Orchestra Domenico Scarlatti 2019)<\/span><\/li>\n<li><span style=\"font-size: medium;\">Simone Simoni (Bajo, Italia \u2013 Orchestra Domenico Scarlatti 2019)<\/span><\/li>\n<li><span style=\"font-size: medium;\">Cristina Martufi (Soprano, Italia \u2013 Orchestra Domenico Scarlatti 2019)<\/span><\/li>\n<li><span style=\"font-size: medium;\">Conchita Juli\u00e1n (Soprano, M\u00e9xico \u2013 OSIDEM 2012)<\/span><\/li>\n<li><span style=\"font-size: medium;\">Mar\u00eda Luisa Tamez (Mezzosoprano, M\u00e9xico \u2013 OSIDEM 2012, 2013)<\/span><\/li>\n<li><span style=\"font-size: medium;\">Flavio Becerra (Tenor, M\u00e9xico \u2013 OSIDEM 2012)<\/span><\/li>\n<li><span style=\"font-size: medium;\">Roberto Ba\u00f1uelas (Bar\u00edtono, M\u00e9xico \u2013 OSIDEM 2012)<\/span><\/li>\n<li><span style=\"font-size: medium;\">Lorena von Pastor (Soprano, M\u00e9xico \u2013 OSIDEM 2012, 2014)<\/span><\/li>\n<li><span style=\"font-size: medium;\">Carla L\u00f3pez Speziale (Mezzosoprano, M\u00e9xico \u2013 OSIDEM 2012, 2014)<\/span><\/li>\n<li><span style=\"font-size: medium;\">Leonardo Villeda (Tenor, M\u00e9xico \u2013 OSIDEM 2012, 2013)<\/span><\/li>\n<li><span style=\"font-size: medium;\">Guillermo Ruiz (Bajo-bar\u00edtono, M\u00e9xico \u2013 OSIDEM 2012)<\/span><\/li>\n<li><span style=\"font-size: medium;\">M\u00f3nica Ch\u00e1vez (Soprano, M\u00e9xico \u2013 OSIDEM 2013)<\/span><\/li>\n<li><span style=\"font-size: medium;\">Genaro Sulvar\u00e1n (Bar\u00edtono, M\u00e9xico \u2013 OSIDEM 2013, 2014)<\/span><\/li>\n<li><span style=\"font-size: medium;\">Ana Caridad Villeda (Soprano, M\u00e9xico \u2013 OSIDEM 2013)<\/span><\/li>\n<li><span style=\"font-size: medium;\">Lourdes Ambriz (Soprano, M\u00e9xico \u2013 OSIDEM 2013 [con Quinteto Cri-Cri], 2014)<\/span><\/li>\n<li><span style=\"font-size: medium;\">Jes\u00fas Suaste (Bar\u00edtono, M\u00e9xico \u2013 OSIDEM 2014)<\/span><\/li>\n<li><span style=\"font-size: medium;\">Violeta D\u00e1valos\u2020 (Soprano, M\u00e9xico \u2013 OSIDEM 2014)<\/span><\/li>\n<li><span style=\"font-size: medium;\">Encarnaci\u00f3n V\u00e1zquez (Mezzosoprano, M\u00e9xico \u2013 OSIDEM 2014)<\/span><\/li>\n<li><span style=\"font-size: medium;\">Jos\u00e9 Luis Ordo\u00f1ez (Tenor, M\u00e9xico \u2013 OSIDEM 2014)<\/span><\/li>\n<li><span style=\"font-size: medium;\">Jos\u00e9 Ad\u00e1n P\u00e9rez (Bar\u00edtono, M\u00e9xico \u2013 OSIDEM 2014, OSSLA 2017)<\/span><\/li>\n<li><span style=\"font-size: medium;\">Leticia de Altamirano (Soprano, M\u00e9xico \u2013 OSIDEM 2014, OSSLA 2017)<\/span><\/li>\n<li><span style=\"font-size: medium;\">Josu\u00e9 Cer\u00f3n (Bar\u00edtono, M\u00e9xico \u2013 OSIDEM 2014)<\/span><\/li>\n<li><span style=\"font-size: medium;\">Mario Hoyos (Tenor, M\u00e9xico \u2013 OSIDEM 2014)<\/span><\/li>\n<li><span style=\"font-size: medium;\">Grace Echauri (Mezzosoprano, M\u00e9xico \u2013 OSIDEM 2014)<\/span><\/li>\n<li><span style=\"font-size: medium;\">Edgar Gil (Bar\u00edtono, M\u00e9xico \u2013 OSIDEM 2014)<\/span><\/li>\n<li><span style=\"font-size: medium;\">Luis Gabriel Rodarte (Bar\u00edtono, M\u00e9xico \u2013 OSIDEM 2014)<\/span><\/li>\n<li><span style=\"font-size: medium;\">Mauricio Esquivel (Bar\u00edtono, M\u00e9xico \u2013 OSIDEM 2014)<\/span><\/li>\n<li><span style=\"font-size: medium;\">Octavio Ar\u00e9valo (Tenor, M\u00e9xico \u2013 OSIDEM 2014)<\/span><\/li>\n<li><span style=\"font-size: medium;\">Patricia Santos (Soprano, M\u00e9xico \u2013 OSIDEM 2014)<\/span><\/li>\n<li><span style=\"font-size: medium;\">Cynthia S\u00e1nchez (Soprano, M\u00e9xico \u2013 OSIDEM 2014)<\/span><\/li>\n<li><span style=\"font-size: medium;\">Zayra Ruiz (Mezzosoprano, M\u00e9xico \u2013 OSIDEM 2014)<\/span><\/li>\n<li><span style=\"font-size: medium;\">Mart\u00edn Luna (Bar\u00edtono, M\u00e9xico \u2013 OSIDEM 2014)<\/span><\/li>\n<li><span style=\"font-size: medium;\">Hugo Col\u00edn\u2020 (Tenor, M\u00e9xico \u2013 OSIDEM 2014)<\/span><\/li>\n<li><span style=\"font-size: medium;\">Alejandro L\u00f3pez (Tenor, M\u00e9xico \u2013 OSIDEM 2014)<\/span><\/li>\n<li><span style=\"font-size: medium;\">\u00d3scar Vel\u00e1zquez (Bar\u00edtono, M\u00e9xico \u2013 OSIDEM 2014)<\/span><\/li>\n<li><span style=\"font-size: medium;\">Mar\u00eda Katzarava (Soprano, M\u00e9xico \u2013 OSIDEM 2015)<\/span><\/li>\n<li><span style=\"font-size: medium;\">Alan Pingarr\u00f3n (Tenor, M\u00e9xico \u2013 OSIDEM 2015)<\/span><\/li>\n<li><span style=\"font-size: medium;\">Nieves Navarro (Mezzosoprano, M\u00e9xico \u2013 OSIDEM 2015)<\/span><\/li>\n<li><span style=\"font-size: medium;\">Gabriela Herrera (Soprano, M\u00e9xico \u2013 OSIDEM 2015)<\/span><\/li>\n<li><span style=\"font-size: medium;\">Carlos Galv\u00e1n (Tenor, M\u00e9xico \u2013 OSIDEM 2015)<\/span><\/li>\n<li><span style=\"font-size: medium;\">Octavio P\u00e9rez (Bar\u00edtono, M\u00e9xico \u2013 OSIDEM 2015)<\/span><\/li>\n<li><span style=\"font-size: medium;\">Claudia Cota (Soprano, M\u00e9xico \u2013 OSIDEM 2015, OSSLA 2018)<\/span><\/li>\n<li><span style=\"font-size: medium;\">Ricardo Rodr\u00edguez (Tenor, M\u00e9xico \u2013 OSIDEM 2015, OSSLA 2017, 2018, 2020 [grabaci\u00f3n para TV])<\/span><\/li>\n<li><span style=\"font-size: medium;\">Regina Orozco (Cantante, M\u00e9xico \u2013 OSSLA 2017)<\/span><\/li>\n<li><span style=\"font-size: medium;\">Jos\u00e9 Luis Duval (Tenor, M\u00e9xico \u2013 OSSLA 2017)<\/span><\/li>\n<li><span style=\"font-size: medium;\">Rosa Mu\u00f1oz (Mezzosoprano, M\u00e9xico \u2013 OSSLA 2017)<\/span><\/li>\n<li><span style=\"font-size: medium;\">Leonardo S\u00e1nchez (Tenor, M\u00e9xico \u2013 OSSLA 2017)<\/span><\/li>\n<li><span style=\"font-size: medium;\">Arisb\u00e9 de la Barrera (Soprano, M\u00e9xico \u2013 OSSLA 2018)<\/span><\/li>\n<li><span style=\"font-size: medium;\">Rosa D\u00e1vila (Soprano, M\u00e9xico \u2013 OSSLA 2018 [2 programas], 2019 [2 programas])<\/span><\/li>\n<li><span style=\"font-size: medium;\">Laura Leyva (Soprano, M\u00e9xico \u2013 OSSLA 2018 [2 programas], 2020)<\/span><\/li>\n<li><span style=\"font-size: medium;\">Fernanda Santoyo (Mezzosoprano, M\u00e9xico \u2013 OSSLA 2018)<\/span><\/li>\n<li><span style=\"font-size: medium;\">\u00c1ngel Galindo (Tenor, M\u00e9xico \u2013 OSSLA 2018 [2 programas], 2020)<\/span><\/li>\n<li><span style=\"font-size: medium;\">Jos\u00e9 Manuel Gonz\u00e1lez (Bar\u00edtono, M\u00e9xico \u2013 OSSLA 2018)<\/span><\/li>\n<li><span style=\"font-size: medium;\">Margarita Tizoc (Cantante, M\u00e9xico \u2013 OSSLA 2018)<\/span><\/li>\n<li><span style=\"font-size: medium;\">Gabriel Navarro (Bar\u00edtono, M\u00e9xico \u2013 OSSLA 2018)<\/span><\/li>\n<li><span style=\"font-size: medium;\">Carla Portillo (Soprano, M\u00e9xico \u2013 OSSLA 2018 [2 programas])<\/span><\/li>\n<li><span style=\"font-size: medium;\">Vianey Lagarda (Soprano, M\u00e9xico \u2013 OSSLA 2018, 2019)<\/span><\/li>\n<li><span style=\"font-size: medium;\">Estefan\u00eda Cano (Mezzosoprano, M\u00e9xico \u2013 OSSLA 2018 [2 programas])<\/span><\/li>\n<li><span style=\"font-size: medium;\">Alonso Sicairos-Le\u00f3n (Tenor, M\u00e9xico \u2013 OSSLA 2018 [2 programas])<\/span><\/li>\n<li><span style=\"font-size: medium;\">Jos\u00e9 Manuel Caro (Tenor, M\u00e9xico \u2013 OSSLA 2018)<\/span><\/li>\n<li><span style=\"font-size: medium;\">Leoncio Luna (Tenor, M\u00e9xico \u2013 OSSLA 2018)<\/span><\/li>\n<li><span style=\"font-size: medium;\">Eduardo Mart\u00ednez (Bar\u00edtono, M\u00e9xico \u2013 OSSLA 2018, 2019 [3 programas], 2020)<\/span><\/li>\n<li><span style=\"font-size: medium;\">Oziel Herrera (Bajo-bar\u00edtono, M\u00e9xico \u2013 OSSLA 2018, 2019)<\/span><\/li>\n<li><span style=\"font-size: medium;\">Jessica Loaiza (Soprano, M\u00e9xico \u2013 OSSLA 2018)<\/span><\/li>\n<li><span style=\"font-size: medium;\">Oralia Castro (Mezzosoprano, M\u00e9xico \u2013 OSSLA 2018, 2020 [producci\u00f3n virtual])<\/span><\/li>\n<li><span style=\"font-size: medium;\">Jos\u00e9 Manuel Ch\u00fa (Tenor, M\u00e9xico \u2013 OSSLA 2018, 2019, 2020, 2021 [1 programa en vivo, 1 producci\u00f3n virtual])<\/span><\/li>\n<li><span style=\"font-size: medium;\">Armando Pi\u00f1a (Bar\u00edtono, M\u00e9xico \u2013 OSSLA 2018, 2019, 2020, 2021 [producci\u00f3n virtual])<\/span><\/li>\n<li><span style=\"font-size: medium;\">Ang\u00e9lica Mata (Mezzosoprano, M\u00e9xico \u2013 OSSLA 2019 [3 programas])<\/span><\/li>\n<li><span style=\"font-size: medium;\">Iv\u00e1n Valdez (Tenor, M\u00e9xico \u2013 OSSLA 2019 [3 programas])<\/span><\/li>\n<li><span style=\"font-size: medium;\">Mar\u00eda Herrada (Soprano, M\u00e9xico \u2013 OSSLA 2019)<\/span><\/li>\n<li><span style=\"font-size: medium;\">Nadia Yuriar (Cantante, M\u00e9xico \u2013 OSSLA 2019 [2 programas], 2020 [producci\u00f3n virtual])<\/span><\/li>\n<li><span style=\"font-size: medium;\">Mariana Soledad Mart\u00ednez (Cantante, M\u00e9xico \u2013 OSSLA y orquestas juveniles de Sinaloa 2019)<\/span><\/li>\n<li><span style=\"font-size: medium;\">Xameli Gabriela Ar\u00e1mbulo (Cantante, M\u00e9xico \u2013 OSSLA y orquestas juveniles de Sinaloa 2019)<\/span><\/li>\n<li><span style=\"font-size: medium;\">Cintli Cruz (Soprano, M\u00e9xico \u2013 OSSLA 2019)<\/span><\/li>\n<li><span style=\"font-size: medium;\">Patricia Jane\u010dkov\u00e1 (Soprano, Eslovaquia \u2013 OSSLA 2020)<\/span><\/li>\n<li><span style=\"font-size: medium;\">Joaqu\u00edn Yglesias (Tenor, Costa Rica \u2013 OSSLA 2020)<\/span><\/li>\n<li><span style=\"font-size: medium;\">Ver\u00f3nica Dom\u00ednguez (Soprano, M\u00e9xico \u2013 OSSLA 2020)<\/span><\/li>\n<li><span style=\"font-size: medium;\">Luc\u00eda Beltr\u00e1n (Soprano, M\u00e9xico \u2013 OSSLA 2020)<\/span><\/li>\n<li><span style=\"font-size: medium;\">Isis Torres (Mezzosoprano, M\u00e9xico \u2013 OSSLA 2020)<\/span><\/li>\n<li><span style=\"font-size: medium;\">Alejandro Hern\u00e1ndez (Bar\u00edtono, M\u00e9xico \u2013 OSSLA 2020)<\/span><\/li>\n<li><span style=\"font-size: medium;\">Rebeca de Rueda (Soprano, M\u00e9xico \u2013 OSSLA 2020 [producci\u00f3n virtual])<\/span><\/li>\n<li><span style=\"font-size: medium;\">Carlos Osuna (Tenor, M\u00e9xico \u2013 OSSLA 2020 [producci\u00f3n virtual])<\/span><\/li>\n<li><span style=\"font-size: medium;\">Karla \u00c1lvarez Centeno (Soprano, M\u00e9xico \u2013 OSSLA 2021)<\/span><\/li>\n<li><span style=\"font-size: medium;\">Alma Z\u00fa\u00f1iga (Contralto, M\u00e9xico [Quinteto Cri-Cri] \u2013 OSIDEM 2013)<\/span><\/li>\n<li><span style=\"font-size: medium;\">Lila del Carmen Guti\u00e9rrez (Mezzosoprano, M\u00e9xico [Quinteto Cri-Cri] \u2013 OSIDEM 2013)<\/span><\/li>\n<li><span style=\"font-size: medium;\">Carlos Mar\u00edn (Bar\u00edtono, Espa\u00f1a [Il Divo] \u2013 OSSLA 2018)<\/span><\/li>\n<li><span style=\"font-size: medium;\">Urs B\u00fchler (Tenor, Suiza [Il Divo] \u2013 OSSLA 2018)<\/span><\/li>\n<li><span style=\"font-size: medium;\">S\u00e9bastien Izambard (Cantante, Francia [Il Divo] \u2013 OSSLA 2018)<\/span><\/li>\n<li><span style=\"font-size: medium;\">David Miller (Tenor, Estados Unidos [Il Divo] \u2013 OSSLA 2018)<\/span><\/li>\n<li><span style=\"font-size: medium;\">Francine Vis (Mezzosoprano, Pa\u00edses Bajos \u2013 Producci\u00f3n \u201cLe Voisin\u201d de Myrmel, 2006)<\/span><\/li>\n<li><span style=\"color: #141414;\"><span style=\"font-size: medium;\">Ambro\u017e Bajec-Lapajne (Tenor, Eslovenia \u2013 Producci\u00f3n \u201cLe Voisin\u201d de Myrmel, 2006)<\/span><\/span><\/li>\n<li><span style=\"font-size: medium;\">Tim Kuypers (Bar\u00edtono, Pa\u00edses Bajos) \u2013 Producci\u00f3n \u201cLe Voisin\u201d de Myrmel, 2006)<\/span><\/li>\n<li><span style=\"font-size: medium;\">19 roles solistas en una producci\u00f3n de \u201cA Midsummer Night\u2019s Dream\u201d de Britten (Pa\u00edses Bajos)<\/span><\/li>\n<li><span style=\"font-size: medium;\">C\u00e9cile des Rives (Soprano, Francia\u00a0<span style=\"color: #141414;\">\u2013<\/span> Ensemble de la Cit\u00e9 Universitaire, 2007)<\/span><\/li>\n<li>Pen\u00e9lope Luna (Soprano\u00a0<span style=\"font-size: medium;\">\u2013 OSSLA 2021)<\/span><\/li>\n<\/ul>\n<p><\/p>","protected":false},"excerpt":{"rendered":"<p>VOZ Teresa Navarro Agraz (Soprano, M\u00e9xico \u2013 OFS 2009) Gloria Labbadia (Soprano, Italia \u2013 Orchestra da Camera Citt\u00e0 di Fondi 2017) Valentina Pennacchini (Mezzozoprano, Italia \u2013 Orchestra da Camera Citt\u00e0 di Fondi 2017) Li Yi Xiao (Soprano, China\/Italia \u2013 Orchestra Domenico Scarlatti 2019) Isabella Messinese (Contralto, Italia \u2013 Orchestra Domenico Scarlatti 2019) Kentaro Kitaya (Tenor, [&hellip;]<\/p>\n","protected":false},"author":1,"featured_media":801,"parent":692,"menu_order":0,"comment_status":"closed","ping_status":"closed","template":"","meta":{"footnotes":""},"class_list":["post-808","page","type-page","status-publish","has-post-thumbnail","hentry"],"_links":{"self":[{"href":"https:\/\/miguelsalmondelreal.com\/es\/wp-json\/wp\/v2\/pages\/808","targetHints":{"allow":["GET"]}}],"collection":[{"href":"https:\/\/miguelsalmondelreal.com\/es\/wp-json\/wp\/v2\/pages"}],"about":[{"href":"https:\/\/miguelsalmondelreal.com\/es\/wp-json\/wp\/v2\/types\/page"}],"author":[{"embeddable":true,"href":"https:\/\/miguelsalmondelreal.com\/es\/wp-json\/wp\/v2\/users\/1"}],"replies":[{"embeddable":true,"href":"https:\/\/miguelsalmondelreal.com\/es\/wp-json\/wp\/v2\/comments?post=808"}],"version-history":[{"count":5,"href":"https:\/\/miguelsalmondelreal.com\/es\/wp-json\/wp\/v2\/pages\/808\/revisions"}],"predecessor-version":[{"id":991,"href":"https:\/\/miguelsalmondelreal.com\/es\/wp-json\/wp\/v2\/pages\/808\/revisions\/991"}],"up":[{"embeddable":true,"href":"https:\/\/miguelsalmondelreal.com\/es\/wp-json\/wp\/v2\/pages\/692"}],"wp:featuredmedia":[{"embeddable":true,"href":"https:\/\/miguelsalmondelreal.com\/es\/wp-json\/wp\/v2\/media\/801"}],"wp:attachment":[{"href":"https:\/\/miguelsalmondelreal.com\/es\/wp-json\/wp\/v2\/media?parent=808"}],"curies":[{"name":"wp","href":"https:\/\/api.w.org\/{rel}","templated":true}]}}