{"id":736,"date":"2021-07-23T18:36:40","date_gmt":"2021-07-24T00:36:40","guid":{"rendered":"http:\/\/miguelsalmondelreal.com\/?page_id=736"},"modified":"2025-07-30T18:48:31","modified_gmt":"2025-07-31T00:48:31","slug":"premieres-catalogue","status":"publish","type":"page","link":"https:\/\/miguelsalmondelreal.com\/es\/25-years-conducting\/premieres-catalogue\/","title":{"rendered":"Cat\u00e1logo de obras estrenadas (estrenos absolutos)"},"content":{"rendered":"<p><strong>Agudelo, Graciela\u2020 (M\u00e9xico, S. XX \u2013 XXI)<\/strong><\/p>\n\n\n\n<ul class=\"wp-block-list\">\n<li>\u201cJoke\u201d, miniatura para orquesta (2013)<\/li>\n<\/ul>\n\n\n\n<p><strong>Ahued Naime, Alan (M\u00e9xico, S. XXI)<\/strong><\/p>\n\n\n\n<ul class=\"wp-block-list\">\n<li>\u201cEl fin del comienzo\u201d, para orquesta (2018)<\/li>\n<\/ul>\n\n\n\n<p><strong>Amaya, Luis Fernando (M\u00e9xico, S. XXI)<\/strong><\/p>\n\n\n\n<ul class=\"wp-block-list\">\n<li>\u201cLo irrevocable\u201d, miniatura para orquesta (2013)<\/li>\n<\/ul>\n\n\n\n<p><strong>Aranda, Alexis (M\u00e9xico, S. XXI)<\/strong><\/p>\n\n\n\n<ul class=\"wp-block-list\">\n<li>\u201cMiniatura cu\u00e1ntica\u201d, miniatura para ensamble (2011)<\/li>\n<\/ul>\n\n\n\n<p><strong>Ar\u00e9valo, Luis Hilario (M\u00e9xico, S. XXI)<\/strong><\/p>\n\n\n\n<ul class=\"wp-block-list\">\n<li>\u201cGesto I\u201d, miniatura para ensamble (2011)<\/li>\n<\/ul>\n\n\n\n<p><strong>Baca Lobera, Ignacio (M\u00e9xico, S. XX \u2013 XXI)<\/strong><\/p>\n\n\n\n<ul class=\"wp-block-list\">\n<li>\u201cIn modo ordinario\u201d, miniatura para ensamble (2011)<\/li>\n\n\n\n<li>\u201cMiniatura\u201d, para orquesta (2013)<\/li>\n<\/ul>\n\n\n\n<p><strong>Ba\u00f1uelas, Roberto\u2020 (M\u00e9xico, S. XX \u2013 XXI)<\/strong><\/p>\n\n\n\n<ul class=\"wp-block-list\">\n<li>\u201cEn b\u00fasqueda de Finisterra\u201d, miniatura para ensamble (2010)<\/li>\n<\/ul>\n\n\n\n<p><strong>Barreiro, Tom\u00e1s (M\u00e9xico, S. XXI)<\/strong><\/p>\n\n\n\n<ul class=\"wp-block-list\">\n<li>\u201cEl Tiempo\u201d, para orquesta (2016)<\/li>\n<\/ul>\n\n\n\n<p><strong>Barroso, Edgar (M\u00e9xico, S. XXI)<\/strong><\/p>\n\n\n\n<ul class=\"wp-block-list\">\n<li>\u201cKuanasi Uato\u201d, para ensamble (2012)<\/li>\n<\/ul>\n\n\n\n<p><strong>Basulto, Alejandro (M\u00e9xico, S. XXI)<\/strong><\/p>\n\n\n\n<ul class=\"wp-block-list\">\n<li>\u201cPlaza de los M\u00e1rtires\u201d, para orquesta (2016)<\/li>\n<\/ul>\n\n\n\n<p><strong>Cano, Sergio (M\u00e9xico, S. XXI)<\/strong><\/p>\n\n\n\n<ul class=\"wp-block-list\">\n<li>\u201cEleg\u00eda en blanco\u201d, miniatura para ensamble (2011)<\/li>\n\n\n\n<li>\u201cA BAO A QU\u201d, miniatura para ensamble (2011)<\/li>\n\n\n\n<li>\u201cSolsticio\u201d, miniatura para orquesta (2013)<\/li>\n<\/ul>\n\n\n\n<p><strong>Carrillo, Juli\u00e1n\u2020 (M\u00e9xico, S. XX)<\/strong><\/p>\n\n\n\n<ul class=\"wp-block-list\">\n<li>Concierto para viol\u00edn N\u00b0 2 [en cuartos de tono] (escrito en 1964. Rescatado y estrenado en 2016)<\/li>\n\n\n\n<li>Concertino en cuartos, octavos y dieciseisavos de tono (escrito en 1927, y estrenado por Leopold Stokowski en su versi\u00f3n de c\u00e1mara. Rescatado y estrenado en su versi\u00f3n original en 2015)<\/li>\n<\/ul>\n\n\n\n<p><strong>Casales, Alejandro (M\u00e9xico, S. XXI)<\/strong><\/p>\n\n\n\n<ul class=\"wp-block-list\">\n<li>\u201cKonetl\u201d, miniatura para ensamble (2011)<\/li>\n<\/ul>\n\n\n\n<p><strong>Casta\u00f1os, Alejandro (M\u00e9xico, S. XXI)<\/strong><\/p>\n\n\n\n<ul class=\"wp-block-list\">\n<li>\u201cMicroresiduo N\u00b0 73\u201d, miniatura para ensamble (2010)<\/li>\n<\/ul>\n\n\n\n<p><strong>Castro, Ricardo\u2020 (M\u00e9xico, S. XIX \u2013 XX)<\/strong><\/p>\n\n\n\n<ul class=\"wp-block-list\">\n<li>\u201cLa L\u00e9gende de Rudel\u201d \u00f3pera (estrenada en 1906 en su versi\u00f3n italiana y repuesta en 1952 en su versi\u00f3n espa\u00f1ola o italiana. Rescatada, editada y estrenada en su versi\u00f3n \u00edntegra y original en franc\u00e9s en 2014)<\/li>\n<\/ul>\n\n\n\n<p><strong>Cata\u00f1o, Fernando (M\u00e9xico, S. XX \u2013 XXI)<\/strong><\/p>\n\n\n\n<ul class=\"wp-block-list\">\n<li>\u201cMini minis N\u00b0 5, para septeto\u201d, miniatura para ensamble (2010)<\/li>\n\n\n\n<li>\u201cMini-mini 11-minis\u201d, miniatura para ensamble (2011)<\/li>\n<\/ul>\n\n\n\n<p><strong>Cecchetti, Marco (M\u00e9xico, S- XXI)<\/strong><\/p>\n\n\n\n<ul class=\"wp-block-list\">\n<li>\u201cEcos\u201d, para orquesta (2011, estrenada en 2012)<\/li>\n<\/ul>\n\n\n\n<p><strong>Cerrillo, Juan Crist\u00f3bal (M\u00e9xico, S. XXI)<\/strong><\/p>\n\n\n\n<ul class=\"wp-block-list\">\n<li>\u201cLucha\u201d, miniatura para ensamble (2011)<\/li>\n<\/ul>\n\n\n\n<p><strong>Chamizo Alberro, Andrea (M\u00e9xico, S. XXI)<\/strong><\/p>\n\n\n\n<ul class=\"wp-block-list\">\n<li>\u00abSerendipia\u00bb, concierto para viola y orquesta (2021)<\/li>\n<\/ul>\n\n\n\n<p><strong>Chapela, Enrico (M\u00e9xico, S. XXI)<\/strong><\/p>\n\n\n\n<ul class=\"wp-block-list\">\n<li>\u201cNanobot\u201d, miniatura para ensamble (2010)<\/li>\n<\/ul>\n\n\n\n<p><strong>Contreras, Juan Pablo (M\u00e9xico, S. XXI)<\/strong><\/p>\n\n\n\n<ul class=\"wp-block-list\">\n<li>\u201cMariachitl\u00e1n\u201d, para orquesta (2016)<\/li>\n<\/ul>\n\n\n\n<p><strong>Coral, Leonardo (M\u00e9xico, S. XX \u2013 XXI)<\/strong><\/p>\n\n\n\n<ul class=\"wp-block-list\">\n<li>\u201cTres impulsos\u201d, miniatura para ensamble (2009)<\/li>\n\n\n\n<li>\u201cMonstruos marinos\u201d, miniatura para ensamble (2010)<\/li>\n\n\n\n<li>Concierto para clarinete y orquesta (2011, estrenado en 2013)<\/li>\n\n\n\n<li>\u201cMiniatura l\u00edquida\u201d, miniatura para ensamble (2011)<\/li>\n<\/ul>\n\n\n\n<p><strong>Cort\u00e9s-\u00c1lvarez, Francisco (M\u00e9xico, S. XXI)<\/strong><\/p>\n\n\n\n<ul class=\"wp-block-list\">\n<li>\u201cFlamingo Miniatura 1.1\u201d, miniatura para ensamble (2011)<\/li>\n\n\n\n<li>\u201cMerengue al fuego\u201d, miniatura para orquesta (2013)<\/li>\n<\/ul>\n\n\n\n<p><strong>D\u00e1jer Guerra, Jorge\u2020 (M\u00e9xico, S. XX \u2013 XXI)<\/strong><\/p>\n\n\n\n<ul class=\"wp-block-list\">\n<li>\u201c\u00a1Oh viento desmelenado!\u201d, miniatura para ensamble (2011)<\/li>\n<\/ul>\n\n\n\n<p><strong>Daniels Torres, Charles Philip (M\u00e9xico, S. XXI)<\/strong><\/p>\n\n\n\n<ul class=\"wp-block-list\">\n<li>\u201cQuaoar\u201d, miniatura para ensamble (2011)<\/li>\n\n\n\n<li>\u201cThe Magic Trick\u201d, miniatura para orquesta (2013)<\/li>\n<\/ul>\n\n\n\n<p><strong>Delgado Parra, Eugenio (M\u00e9xico, S. XXI)<\/strong><\/p>\n\n\n\n<ul class=\"wp-block-list\">\n<li>\u201cOstinato\u201d, miniatura para ensamble (2010)<\/li>\n<\/ul>\n\n\n\n<p><strong>Franco Medina-Mora, Andr\u00e9s (M\u00e9xico, S. XXI)<\/strong><\/p>\n\n\n\n<ul class=\"wp-block-list\">\n<li>\u201cLa Sonrisa de Garrick\u201d, miniatura para ensamble (2011)<\/li>\n<\/ul>\n\n\n\n<p><strong>Gamboa, Eduardo (M\u00e9xico, S. XX \u2013 XXI)<\/strong><\/p>\n\n\n\n<ul class=\"wp-block-list\">\n<li>\u201c\u00a1Comp\u00f3n cortito! As\u00ed agredes menos\u201d, miniatura para ensamble (2010)<\/li>\n<\/ul>\n\n\n\n<p><strong>Garc\u00eda Islas, Cristina (M\u00e9xico, S. XXI)<\/strong><\/p>\n\n\n\n<ul class=\"wp-block-list\">\n<li>\u201cNa\u00b4Lu\u00b4Um\u201d, para orquesta (2018)<\/li>\n<\/ul>\n\n\n\n<p><strong>G\u00f3mez Matus, Carlos (M\u00e9xico, S. XXI)<\/strong><\/p>\n\n\n\n<ul class=\"wp-block-list\">\n<li>\u201cPoxiapally\u201d, miniatura para ensamble (2010)<\/li>\n\n\n\n<li>\u201cA Ileana Bautista\u201d, miniatura para orquesta (2013)<\/li>\n<\/ul>\n\n\n\n<p><strong>Gonz\u00e1lez Compe\u00e1n, Francisco Javier (M\u00e9xico, S. XXI)<\/strong><\/p>\n\n\n\n<ul class=\"wp-block-list\">\n<li>\u201cIX\u201d, miniatura para orquesta (2013)<\/li>\n<\/ul>\n\n\n\n<p><strong>Gonz\u00e1lez Hern\u00e1ndez, Daniel (M\u00e9xico, S. XXI)<\/strong><\/p>\n\n\n\n<ul class=\"wp-block-list\">\n<li>\u201cParvum\u201d, miniatura para orquesta (2013)<\/li>\n<\/ul>\n\n\n\n<p><strong>Guraieb Kuri, Rosa\u2020 (M\u00e9xico, S. XX \u2013 XXI)<\/strong><\/p>\n\n\n\n<ul class=\"wp-block-list\">\n<li>\u201cSepteto Resonancias\u201d, para ensamble (2011)<\/li>\n<\/ul>\n\n\n\n<p><strong>Hurtado, Jos\u00e9-Luis (M\u00e9xico, S. XXI)<\/strong><\/p>\n\n\n\n<ul class=\"wp-block-list\">\n<li>\u201cSwift\u201d, miniatura para ensamble (<em>2011, a\u00fan por estrenarse<\/em>)<\/li>\n<\/ul>\n\n\n\n<p><strong>Iannarelli, Simone (Italia\/M\u00e9xico, S. XXI)<\/strong><\/p>\n\n\n\n<ul class=\"wp-block-list\">\n<li>\u201cConcertino de Culiac\u00e1n\u201d, para guitarra, cuerdas y percusiones (2020)<\/li>\n<\/ul>\n\n\n\n<p><strong>Illescas, Ernesto (M\u00e9xico, S. XXI)<\/strong><\/p>\n\n\n\n<ul class=\"wp-block-list\">\n<li>\u201cUn viejo anta\u00f1o\u201d, miniatura para orquesta (2013)<\/li>\n\n\n\n<li>\u201cSoles y \u00e1guila\u201d, miniatura para ensamble (<em>2011, a\u00fan por estrenarse<\/em>)<\/li>\n<\/ul>\n\n\n\n<p><strong>Iturralde, Carlos (M\u00e9xico, S. XXI)<\/strong><\/p>\n\n\n\n<ul class=\"wp-block-list\">\n<li>\u201cPasacalle VW 1300\u201d, miniatura para ensamble (2010)<\/li>\n<\/ul>\n\n\n\n<p><strong>Lach Lau, Juan Sebasti\u00e1n (M\u00e9xico, S. XXI)<\/strong><\/p>\n\n\n\n<ul class=\"wp-block-list\">\n<li>\u201cKloralex\u201d, miniatura para ensamble (2010)<\/li>\n\n\n\n<li>\u201c\u03c0 \u00edsmo\u201d, miniatura para orquesta (2013)<\/li>\n<\/ul>\n\n\n\n<p><strong>Lombera, Aldo (M\u00e9xico, S. XXI)<\/strong><\/p>\n\n\n\n<ul class=\"wp-block-list\">\n<li>\u201cDentro de la caja\u201d, miniatura para orquesta (2013)<\/li>\n<\/ul>\n\n\n\n<p><strong>L\u00f3pez Reyes, Daniel (M\u00e9xico, S. XXI)<\/strong><\/p>\n\n\n\n<ul class=\"wp-block-list\">\n<li>\u201cObituario del \u00faltimo d\u00eda del a\u00f1o\u201d, para orquesta (2008-09, estrenado en 2013)<\/li>\n<\/ul>\n\n\n\n<p><strong>Luis-Castillo, Alejandro (M\u00e9xico, S. XXI)<\/strong><\/p>\n\n\n\n<ul class=\"wp-block-list\">\n<li>\u201cTab\u00e1s\u201d, para orquesta (2012)<\/li>\n<\/ul>\n\n\n\n<p><strong>Magdaleno, Juan de Dios (M\u00e9xico, S. XXI)<\/strong><\/p>\n\n\n\n<ul class=\"wp-block-list\">\n<li>\u201cLos sonidos de la espera\u201d, para orquesta (2011, estrenada en 2013)<\/li>\n<\/ul>\n\n\n\n<p><strong>Medina, Jorge (M\u00e9xico, S. XX \u2013 XXI)<\/strong><\/p>\n\n\n\n<ul class=\"wp-block-list\">\n<li>\u201cSexteto mot\u00edvico\u201d, miniatura para ensamble (2009)<\/li>\n<\/ul>\n\n\n\n<p><strong>Medina, Juan Pablo (M\u00e9xico, S. XXI)<\/strong><\/p>\n\n\n\n<ul class=\"wp-block-list\">\n<li>\u201cSink\u201d, miniatura para ensamble (2010)<\/li>\n\n\n\n<li>\u201cSpira\u201d, miniatura para orquesta (2013)<\/li>\n<\/ul>\n\n\n\n<p><strong>Mend\u00eda, Guillermo de (M\u00e9xico, S. XX \u2013 XXI)<\/strong><\/p>\n\n\n\n<ul class=\"wp-block-list\">\n<li>\u201cLos 7 cuerpos celestes\u201d, miniatura para ensamble (2010)<\/li>\n\n\n\n<li>\u201c4Stef\u201d, miniatura para ensamble (2011)<\/li>\n<\/ul>\n\n\n\n<p><strong>Morales, Hugo (M\u00e9xico, S. XXI)<\/strong><\/p>\n\n\n\n<ul class=\"wp-block-list\">\n<li>\u201cEncimad\u00e9\u201d, miniatura para ensamble (2009)<\/li>\n<\/ul>\n\n\n\n<p><strong>Moreno Ramos, Gilberto (M\u00e9xico, S. XXI)<\/strong><\/p>\n\n\n\n<ul class=\"wp-block-list\">\n<li>\u201cPeque\u00f1a abstracci\u00f3n geom\u00e9trica\u201d, miniatura para ensamble (2010)<\/li>\n\n\n\n<li>\u201cQuinta del sordo\u201d, miniatura para orquesta (2013)<\/li>\n<\/ul>\n\n\n\n<p><strong>Morf\u00edn, Arturo (M\u00e9xico, S. XXI)<\/strong><\/p>\n\n\n\n<ul class=\"wp-block-list\">\n<li>\u201cComposognathus\u201d, miniatura para orquesta (2013, revisada en 2015)<\/li>\n<\/ul>\n\n\n\n<p><strong>Myrmel, Thomas (Estados Unidos\/Pa\u00edses Bajos, S. XXI)<\/strong><\/p>\n\n\n\n<ul class=\"wp-block-list\">\n<li>\u201cLe Voisin\u201d \u2013 \u00d3pera de c\u00e1mara para ensamble, video, electr\u00f3nica, tres cantantes y bailarines (codirigida y coestrenada con Lucas Vis, 2006)<\/li>\n<\/ul>\n\n\n\n<p><strong>Navarro, Antonio (M\u00e9xico, S. XXI)<\/strong><\/p>\n\n\n\n<ul class=\"wp-block-list\">\n<li>\u201cPiazzolina\u201d, miniatura para ensamble (2011)<\/li>\n<\/ul>\n\n\n\n<p><strong>Odgers, Alejandra (M\u00e9xico, S. XXI)<\/strong><\/p>\n\n\n\n<ul class=\"wp-block-list\">\n<li>\u201cMinuere\u201d, miniatura para ensamble (2010)<\/li>\n\n\n\n<li>\u201cMinuere\u201d, versi\u00f3n para orquesta (2013)<\/li>\n<\/ul>\n\n\n\n<p><strong>Olivares Montes, Sergio (M\u00e9xico, Siglo XXI)<\/strong><\/p>\n\n\n\n<ul class=\"wp-block-list\">\n<li>\u201cAmarillo, rojo y azul\u201d, para orquesta (2018)<\/li>\n<\/ul>\n\n\n\n<p><strong>Ortega, Edgar Bernardo (M\u00e9xico, S. XXI)<\/strong><\/p>\n\n\n\n<ul class=\"wp-block-list\">\n<li>\u201cLuminiscencia\u201d, para orquesta (2016)<\/li>\n<\/ul>\n\n\n\n<p><strong>Paredes P\u00e9rez, Paulino\u2020 (M\u00e9xico, S. XX)<\/strong><\/p>\n\n\n\n<ul class=\"wp-block-list\">\n<li>\u201cDiluvio de fuego\u201d, para orquesta (Escrita en 1942. Rescatada y estrenada en 2013)<\/li>\n<\/ul>\n\n\n\n<p><strong>Parey\u00f3n, Gabriel (M\u00e9xico, S. XXI)<\/strong><\/p>\n\n\n\n<ul class=\"wp-block-list\">\n<li>\u201cDi pehnu \u2018bida nu\u2019bu nxui, da pe\u2019ts\u2019i m\u00e4 t\u2019ihe\u201d (Toco la m\u00fasica de noche, que mantiene nuestro sue\u00f1o), para conchas marinas y percusi\u00f3n rar\u00e1muri (2002)<\/li>\n<\/ul>\n\n\n\n<p><strong>P\u00e9rez Mendoza, Wingel Gilberto (M\u00e9xico, S. XXI)<\/strong><\/p>\n\n\n\n<ul class=\"wp-block-list\">\n<li>\u201cHoral\u201d, miniatura para ensamble<\/li>\n<\/ul>\n\n\n\n<p><strong>P\u00e9rez Santiago, Felipe (M\u00e9xico, S. XXI)<\/strong><\/p>\n\n\n\n<ul class=\"wp-block-list\">\n<li>\u201cMal Timing\u201d, miniatura para ensamble (2010)<\/li>\n\n\n\n<li>\u201cPolyester\u201d, miniatura para orquesta (2013)<\/li>\n\n\n\n<li>\u201cVelcro\u201d, concierto para flauta y orquesta (2019)<\/li>\n<\/ul>\n\n\n\n<p><strong>Pichardo, Jean Angelus (M\u00e9xico, S. XXI)<\/strong><\/p>\n\n\n\n<ul class=\"wp-block-list\">\n<li>\u201cMapamundi\u201d, miniatura para ensamble (2010)<\/li>\n<\/ul>\n\n\n\n<p><strong>Portillo Lagner, Luis Manuel \u201cHarry\u201d (M\u00e9xico, S. XXI)<\/strong><\/p>\n\n\n\n<ul class=\"wp-block-list\">\n<li>\u201cClaridad y Fuerza\u201d, para orquesta (2018)<\/li>\n<\/ul>\n\n\n\n<p><strong>Ram\u00edrez L\u00f3pez, Andrea Sarah\u00ed (M\u00e9xico, S. XXI)<\/strong><\/p>\n\n\n\n<ul class=\"wp-block-list\">\n<li>\u201cKair\u00f3s\u201d, para orquesta (2020)<\/li>\n<\/ul>\n\n\n\n<p><strong>Ram\u00edrez S\u00e1nchez, Rogelio (M\u00e9xico, S. XXI)<\/strong><\/p>\n\n\n\n<ul class=\"wp-block-list\">\n<li>\u201cColores nocturnos\u201d, miniatura para ensamble (2010)<\/li>\n<\/ul>\n\n\n\n<p><strong>Rico, Horacio (M\u00e9xico, S. XXI)<\/strong><\/p>\n\n\n\n<ul class=\"wp-block-list\">\n<li>\u201cCircus I\u201d, miniatura para ensamble (2011)<\/li>\n\n\n\n<li>\u201cExpreso 60\u201d, miniatura para orquesta (2013)<\/li>\n<\/ul>\n\n\n\n<p><strong>Ritter, Jorge (M\u00e9xico, S. XXI)<\/strong><\/p>\n\n\n\n<ul class=\"wp-block-list\">\n<li>\u201cSpectros\u201d, concierto para viol\u00edn y orquesta (2014)<\/li>\n<\/ul>\n\n\n\n<p><strong>Rodr\u00edguez, Marcela (M\u00e9xico, S. XXI)<\/strong><\/p>\n\n\n\n<ul class=\"wp-block-list\">\n<li>\u201cDe a minuto\u201d [miniatura para ensamble] (2011)<\/li>\n\n\n\n<li>Segundo Concierto para Piano y Orquesta (2012)<\/li>\n\n\n\n<li>\u201cCa\u00edda\u201d, para ensamble (2012)<\/li>\n<\/ul>\n\n\n\n<p><strong>Rodr\u00edguez, Mauricio (M\u00e9xico, S. XXI)<\/strong><\/p>\n\n\n\n<ul class=\"wp-block-list\">\n<li>\u201c\u00cdo\u201d, para ensamble de c\u00e1mara (2002)<\/li>\n\n\n\n<li>Piece without title (Pieza sin t\u00edtulo), para 17 ejecutantes<\/li>\n<\/ul>\n\n\n\n<p><strong>Romero, Alejandro (M\u00e9xico, S. XXI)<\/strong><\/p>\n\n\n\n<ul class=\"wp-block-list\">\n<li>\u201cVoces en el aire\u201d, para orquesta (2008-09, estrenada en 2013)<\/li>\n<\/ul>\n\n\n\n<p><strong>Ruiz Lobera, Jaime (M\u00e9xico, S. XXI)<\/strong><\/p>\n\n\n\n<ul class=\"wp-block-list\">\n<li>\u201cInstant\u00e1nea\u201d, miniatura para ensamble (2010)<\/li>\n<\/ul>\n\n\n\n<p><strong>Salcedo Sans\u00f3n, Gabriel (M\u00e9xico, S. XXI)<\/strong><\/p>\n\n\n\n<ul class=\"wp-block-list\">\n<li>\u201cChroma\u201d, miniatura para orquesta (2013)<\/li>\n<\/ul>\n\n\n\n<p><strong>Salmon Del Real, Miguel (M\u00e9xico, S. XXI)<\/strong><\/p>\n\n\n\n<ul class=\"wp-block-list\">\n<li>\u201cMi sangre es verdadera bebida\u201d, para coro mixto, \u00f3rgano y orquesta de c\u00e1mara (2000)<\/li>\n\n\n\n<li>\u201cm<em>N<\/em>oois 1.5\u201d, para ensamble de percusiones (2001)<\/li>\n\n\n\n<li>\u201cZeeng\u201d, para 17 ejecutantes (2005)<\/li>\n\n\n\n<li>\u201cMinder is meer\u201d, para siete instrumentistas [miniatura] (2010)<\/li>\n\n\n\n<li>\u201cMinder is meer\u201d, reescrita para orquesta (2014)<\/li>\n\n\n\n<li>Himno de la Gendarmer\u00eda Nacional de M\u00e9xico (2017)<\/li>\n\n\n\n<li>\u201cObertura Centenaria\u201d, para orquesta [basada en canciones interpretadas por Pedro Infante]. Versiones para orquesta sola y con voz y coro.<\/li>\n\n\n\n<li>Vals \u201cSusana\u201d (1999, revisi\u00f3n en 2020), versiones para d\u00fao de viol\u00edn y piano y para orquesta<\/li>\n<\/ul>\n\n\n\n<p><strong>S\u00e1nchez-Guti\u00e9rrez, Carlos (M\u00e9xico, S. XX \u2013 XXI)<\/strong><\/p>\n\n\n\n<ul class=\"wp-block-list\">\n<li>\u201cGenghis\u201d, miniatura para orquesta (2010)<\/li>\n<\/ul>\n\n\n\n<p><strong>S\u00e1nchez Neri, Anal\u00ed (M\u00e9xico, S. XXI)<\/strong><\/p>\n\n\n\n<ul class=\"wp-block-list\">\n<li>\u201cImagen 2\u201d, miniatura para ensamble (2010)<\/li>\n<\/ul>\n\n\n\n<p><strong>Soto Mill\u00e1n, Eduardo (M\u00e9xico, S. XX \u2013 XXI)<\/strong><\/p>\n\n\n\n<ul class=\"wp-block-list\">\n<li>\u201cA la brevedad posible\u201d, miniatura para ensamble (2010)<\/li>\n\n\n\n<li>\u201cFin sin historia (con canto lontano para los desaparecidos. Vol. Alt. 24800), para orquesta (2013, revisado en 2016)<\/li>\n<\/ul>\n\n\n\n<p><strong>Taboada, V\u00edctor (M\u00e9xico, S- XXI)<\/strong><\/p>\n\n\n\n<ul class=\"wp-block-list\">\n<li>\u201cXapphire du temps\u201d, para orquesta (2016)<\/li>\n<\/ul>\n\n\n\n<p><strong>Tello, Aurelio (Per\u00fa\/M\u00e9xico, S. XX \u2013 XXI)<\/strong><\/p>\n\n\n\n<ul class=\"wp-block-list\">\n<li>\u201cMiniatura para Miguel\u201d, miniatura para ensamble (2010)<\/li>\n\n\n\n<li>\u201cYuyaychacuy\u201d, miniatura para orquesta (2013)<\/li>\n<\/ul>\n\n\n\n<p><strong>Torr\u00e9, Salvador (M\u00e9xico, S. XXI)<\/strong><\/p>\n\n\n\n<ul class=\"wp-block-list\">\n<li>\u201cVentanas\u201d, para orquesta (2012)<\/li>\n<\/ul>\n\n\n\n<p><strong>Torres Maldonado, Javier (M\u00e9xico, S. XX \u2013 XXI)<\/strong><\/p>\n\n\n\n<ul class=\"wp-block-list\">\n<li>\u201cLacrymosa II\u201d [In Memoriam Omar Hern\u00e1ndez Hidalgo], miniatura para tr\u00edo de flauta, viol\u00edn y piano (2011)<\/li>\n<\/ul>\n\n\n\n<p><strong>Urrusti Frenk, Juan Francisco (M\u00e9xico, S. XXI)<\/strong><\/p>\n\n\n\n<ul class=\"wp-block-list\">\n<li>\u201cLa Canci\u00f3n de Tito\u201d, miniatura para orquesta (2013)<\/li>\n\n\n\n<li>\u00abColtzin\u00bb, para orquesta (2021)<\/li>\n<\/ul>\n\n\n\n<p><strong>Vergara, Juan Andr\u00e9s (M\u00e9xico, S. XXI)<\/strong><\/p>\n\n\n\n<ul class=\"wp-block-list\">\n<li>\u201cTren\u201d, miniatura para orquesta (2013)<\/li>\n<\/ul>\n\n\n\n<p><strong>Vidales, Jorge (M\u00e9xico, S. XX \u2013 XXI)<\/strong><\/p>\n\n\n\n<ul class=\"wp-block-list\">\n<li>\u201cLas tres hilanderas\u201d, para ensamble (2010)<\/li>\n<\/ul>\n\n\n\n<p><strong>Waller, Juan Felipe (M\u00e9xico\/NL, S. XXI)<\/strong><\/p>\n\n\n\n<ul class=\"wp-block-list\">\n<li>\u201cReconaissances-Recortaissances\u201d, miniatura para ensamble (2010)<\/li>\n<\/ul>\n\n\n\n<p><strong>Wolny, Zbigniew (Polonia\/Pa\u00edses Bajos, S. XXI)<\/strong><\/p>\n\n\n\n<ul class=\"wp-block-list\">\n<li>\u201cArchi\u201d, para ensamble de cuerdas (2002)<\/li>\n<\/ul>\n\n\n\n<p><strong>Zafra, Jacques (M\u00e9xico, S. XXI)<\/strong><\/p>\n\n\n\n<ul class=\"wp-block-list\">\n<li>\u201cM\u00fasica horrenda\u201d, miniatura para ensamble (2010)<\/li>\n\n\n\n<li>\u201cTodo para el \u00faltimo momento\u201d, miniatura para orquesta (2013)<\/li>\n<\/ul>\n\n\n\n<p><\/p>","protected":false},"excerpt":{"rendered":"<p>Agudelo, Graciela\u2020 (M\u00e9xico, S. XX \u2013 XXI) Ahued Naime, Alan (M\u00e9xico, S. XXI) Amaya, Luis Fernando (M\u00e9xico, S. XXI) Aranda, Alexis (M\u00e9xico, S. XXI) Ar\u00e9valo, Luis Hilario (M\u00e9xico, S. XXI) Baca Lobera, Ignacio (M\u00e9xico, S. XX \u2013 XXI) Ba\u00f1uelas, Roberto\u2020 (M\u00e9xico, S. XX \u2013 XXI) Barreiro, Tom\u00e1s (M\u00e9xico, S. XXI) Barroso, Edgar (M\u00e9xico, S. XXI) [&hellip;]<\/p>\n","protected":false},"author":1,"featured_media":651,"parent":692,"menu_order":0,"comment_status":"closed","ping_status":"closed","template":"template-redesign.php","meta":{"footnotes":""},"class_list":["post-736","page","type-page","status-publish","has-post-thumbnail","hentry"],"_links":{"self":[{"href":"https:\/\/miguelsalmondelreal.com\/es\/wp-json\/wp\/v2\/pages\/736","targetHints":{"allow":["GET"]}}],"collection":[{"href":"https:\/\/miguelsalmondelreal.com\/es\/wp-json\/wp\/v2\/pages"}],"about":[{"href":"https:\/\/miguelsalmondelreal.com\/es\/wp-json\/wp\/v2\/types\/page"}],"author":[{"embeddable":true,"href":"https:\/\/miguelsalmondelreal.com\/es\/wp-json\/wp\/v2\/users\/1"}],"replies":[{"embeddable":true,"href":"https:\/\/miguelsalmondelreal.com\/es\/wp-json\/wp\/v2\/comments?post=736"}],"version-history":[{"count":10,"href":"https:\/\/miguelsalmondelreal.com\/es\/wp-json\/wp\/v2\/pages\/736\/revisions"}],"predecessor-version":[{"id":1251,"href":"https:\/\/miguelsalmondelreal.com\/es\/wp-json\/wp\/v2\/pages\/736\/revisions\/1251"}],"up":[{"embeddable":true,"href":"https:\/\/miguelsalmondelreal.com\/es\/wp-json\/wp\/v2\/pages\/692"}],"wp:featuredmedia":[{"embeddable":true,"href":"https:\/\/miguelsalmondelreal.com\/es\/wp-json\/wp\/v2\/media\/651"}],"wp:attachment":[{"href":"https:\/\/miguelsalmondelreal.com\/es\/wp-json\/wp\/v2\/media?parent=736"}],"curies":[{"name":"wp","href":"https:\/\/api.w.org\/{rel}","templated":true}]}}