{"id":733,"date":"2021-07-23T18:32:52","date_gmt":"2021-07-24T00:32:52","guid":{"rendered":"http:\/\/miguelsalmondelreal.com\/?page_id=733"},"modified":"2021-10-31T13:15:09","modified_gmt":"2021-10-31T19:15:09","slug":"conducted-soloists","status":"publish","type":"page","link":"https:\/\/miguelsalmondelreal.com\/es\/25-years-conducting\/conducted-soloists\/","title":{"rendered":"Solistas dirigidos"},"content":{"rendered":"<p><\/p>\n<h2 align=\"center\"><span style=\"font-size: medium;\"><b>VIOL\u00cdN<\/b><\/span><\/h2>\n<ul>\n<li><span style=\"font-size: medium;\">Jorge Barr\u00f3n (M\u00e9xico\u00a0\u2013 Orquesta Sinf\u00f3nica Juvenil de la UAZ 2009)<\/span><\/li>\n<li><span style=\"font-size: medium;\">Manuel Lozano Torres (M\u00e9xico \u2013 OSSLA 2012)<\/span><\/li>\n<li><span style=\"font-size: medium;\">Ludwig Carrasco (M\u00e9xico [Tr\u00edo Morelia] \u2013 OSIDEM 2013)<\/span><\/li>\n<li><span style=\"font-size: medium;\">Rom\u00e1n Revueltas Retes (M\u00e9xico \u2013 OFILZAC 2014)<\/span><\/li>\n<li><span style=\"font-size: medium;\">Marta Magdalena Lelek (Polonia \u2013 OSUG 2015)<\/span><\/li>\n<li><span style=\"font-size: medium;\"><span lang=\"en-US\">Monika Dondalska (Polonia &#8211; Warmi\u0144sko-Mazurskiej 2016)<\/span><\/span><\/li>\n<li><span style=\"font-size: medium;\"><span lang=\"en-US\">Gunnar Persicke (Alemania \u2013 Sibelius Orchester 2017)<\/span><\/span><\/li>\n<li><span style=\"font-size: medium;\">Sergei Gorbenko (Rusia\/M\u00e9xico \u2013 OECCh 2014)<\/span><\/li>\n<li><span style=\"font-size: medium;\">Nathaniel Basa (M\u00e9xico \u2013 OSSLA 2014)<\/span><\/li>\n<li><span style=\"font-size: medium;\">Melanie Rivera (M\u00e9xico \u2013 OFILZAC 2018)<\/span><\/li>\n<li><span style=\"font-size: medium;\">Sabina Moreno (M\u00e9xico \u2013 OSIDEM 2013)<\/span><\/li>\n<li><span style=\"font-size: medium;\">Erika Dobosiewicz (Polonia\/M\u00e9xico \u2013 OSIDEM 2013, OSSLA 2017)<\/span><\/li>\n<li><span style=\"font-size: medium;\">Lenneke van Staalen (Pa\u00edses Bajos [viol\u00edn hind\u00fa] \u2013 OSIDEM 2015)<\/span><\/li>\n<li><span style=\"font-size: medium;\">Martin Valdeschack (Alemania\/M\u00e9xico \u2013 OSIDEM 2015)<\/span><\/li>\n<li><span style=\"font-size: medium;\">Cuauht\u00e9moc Rivera (M\u00e9xico \u2013 OSSLA 2016)<\/span><\/li>\n<li><span style=\"font-size: medium;\">Virna Pacheco (M\u00e9xico \u2013 OFECH 2019)<\/span><\/li>\n<li><span style=\"font-size: medium;\">Sebastian Kwapisz (M\u00e9xico \u2013 OSSLA 2019)<\/span><\/li>\n<li><span style=\"font-size: medium;\">Rosanne Philippens (Pa\u00edses Bajos \u2013 OSSLA 2019)<\/span><\/li>\n<li><span style=\"font-size: medium;\">Mar\u00eda Jos\u00e9 Oviedo (Venezuela\/M\u00e9xico \u2013 OSSLA 2021)<\/span><\/li>\n<li><span style=\"font-size: medium;\">Victoria Camacho (Colombia\/M\u00e9xico \u2013 OSSLA 2021)<\/span><\/li>\n<li><span style=\"font-size: medium;\">Olena Bogaychuk (Rusia\/M\u00e9xico \u2013 OSSLA 2021)<\/span><\/li>\n<li><span style=\"font-size: medium;\">Sa\u00fal Bitr\u00e1n (M\u00e9xico [Cuarteto Latinoamericano] \u2013 OSIDEM 2014)<\/span><\/li>\n<li><span style=\"font-size: medium;\">Ar\u00f3n Bitr\u00e1n (Chile\/M\u00e9xico [Cuarteto Latinoamericano] \u2013 OSIDEM 2014)<\/span><\/li>\n<li><span style=\"font-size: medium;\">Enrique Ramos (M\u00e9xico [Quinteto Cri-Cri] \u2013 OSIDEM 2013)<\/span><\/li>\n<li><span style=\"font-size: medium;\">Olga Khudoblyak (Ucrania\/M\u00e9xico [Marketo String Quartet] \u2013 OSSLA 2021)<\/span><\/li>\n<li><span style=\"font-size: medium;\">Xavier Tortosa (Espa\u00f1a\/M\u00e9xico [Marketo String Quartet] \u2013 OSSLA 2021)<\/span><\/li>\n<\/ul>\n<h2 align=\"center\"><span style=\"font-size: medium;\"><b>VIOLA<\/b><\/span><\/h2>\n<ul>\n<li><span style=\"font-size: medium;\">Cristina Pestana (M\u00e9xico \u2013 Orquesta Sinf\u00f3nica Juvenil de la UAZ 2009)<\/span><\/li>\n<li><span style=\"font-size: medium;\"><span lang=\"en-US\">Adolfo Alejo (M\u00e9xico \u2013 OSIDEM 2013)<\/span><\/span><\/li>\n<li><span style=\"font-size: medium;\"><span lang=\"en-US\">Felix Schartz (Alemania \u2013 Philharmonishces Orchester der Stadt Trier 2014)<\/span><\/span><\/li>\n<li><span style=\"font-size: medium;\">Dana Zemtsov (M\u00e9xico\/Pa\u00edses Bajos \u2013 OSSLA 2018)<\/span><\/li>\n<li><span style=\"font-size: medium;\">Javier Montiel (M\u00e9xico [Cuarteto Latinoamericano] \u2013 OSIDEM 2014)<\/span><\/li>\n<li><span style=\"font-size: medium;\">Carlos Guadarrama (M\u00e9xico [Marketo String Quartet] \u2013 OSSLA 2021)<\/span><\/li>\n<li>Felisa Hern\u00e1ndez Salmer\u00f3n (M\u00e9xico\u00a0<span style=\"font-size: medium;\">\u2013<\/span> OSSLA 2021)<\/li>\n<\/ul>\n<h2 align=\"center\"><span style=\"font-size: medium;\"><b>VIOLONCHELO<\/b><\/span><\/h2>\n<ul>\n<li><span style=\"font-size: medium;\">Ignacio Mariscal (M\u00e9xico \u2013 OSIDEM 2013)<\/span><\/li>\n<li><span style=\"font-size: medium;\">\u00c1lvaro Bitr\u00e1n (M\u00e9xico [Cuarteto Latinoamericano] \u2013 OSIDEM 2014)<\/span><\/li>\n<li><span style=\"font-size: medium;\">Carlo Maynez (M\u00e9xico \u2013 OSIDEM 2013)<\/span><\/li>\n<li><span style=\"font-size: medium;\">C\u00e9sar Mart\u00ednez Bourguet (M\u00e9xico \u2013 OSIDEM 2015)<\/span><\/li>\n<li><span style=\"font-size: medium;\">Octavio Hidalgo (Ecuador\/M\u00e9xico [Marketo String Quartet] \u2013 OSSLA 2021)<\/span><\/li>\n<li><span style=\"font-size: medium;\">Irene Carrasco (M\u00e9xico [Tr\u00edo Morelia] \u2013 OSIDEM 2013)<\/span><\/li>\n<\/ul>\n<h2 align=\"center\"><span style=\"font-size: medium;\"><b>CONTRABAJO<\/b><\/span><\/h2>\n<ul>\n<li><span style=\"font-size: medium;\">Mart\u00edn Arista (M\u00e9xico [Quinteto Cri-Cri] \u2013 OSIDEM 2013)<\/span><\/li>\n<\/ul>\n<h2 align=\"center\"><span style=\"font-size: medium;\"><b>FLAUTA<\/b><\/span><\/h2>\n<ul>\n<li><span style=\"font-size: medium;\">Cuauht\u00e9moc Trejo Barajas (M\u00e9xico \u2013 OSUG 2016)<\/span><\/li>\n<li><span style=\"font-size: medium;\">Yadira Guevara (M\u00e9xico \u2013 OSIPN 2016)<\/span><\/li>\n<li><span style=\"font-size: medium;\">Ruth Ca\u00f1izal (M\u00e9xico \u2013 OFDC 2016)<\/span><\/li>\n<li><span style=\"font-size: medium;\">Marisa Canales (M\u00e9xico \u2013 OSIDEM 2013, OSSLA 2018)<\/span><\/li>\n<li><span style=\"font-size: medium;\">Alejandro Escuer (M\u00e9xico \u2013 OSSLA 2019)<\/span><\/li>\n<\/ul>\n<h2 align=\"center\"><span style=\"font-size: medium;\"><b>OBOE<\/b><\/span><\/h2>\n<ul>\n<li><span style=\"font-size: medium;\">Alexander Ovcharov (Rusia\/M\u00e9xico \u2013 OSY 2019)<\/span><\/li>\n<li><span style=\"font-size: medium;\">H\u00e9ctor Hern\u00e1ndez (M\u00e9xico \u2013 OSY 2019)<\/span><\/li>\n<li><span style=\"font-size: medium;\">Alejandro Tello (M\u00e9xico \u2013 OJUEM 2020)<\/span><\/li>\n<\/ul>\n<h2 align=\"center\"><span style=\"font-size: medium;\"><b>CLARINETE<\/b><\/span><\/h2>\n<ul>\n<li><span style=\"font-size: medium;\">S\u00f3crates Villegas (M\u00e9xico \u2013 OSUAEH 2012, OFJ 2012,)<\/span><\/li>\n<li><span style=\"font-size: medium;\">Fernando Dom\u00ednguez (M\u00e9xico \u2013 OSIDEM 2013)<\/span><\/li>\n<li><span style=\"font-size: medium;\">Diego Cajas (M\u00e9xico \u2013 OJUEM 2020)<\/span><\/li>\n<\/ul>\n<h2 align=\"center\"><span style=\"font-size: medium;\"><b>FAGOT<\/b><\/span><\/h2>\n<ul>\n<li><span style=\"font-size: medium;\">Natalie Zemba (USA\/M\u00e9xico \u2013 OSSLA 2019)<\/span><\/li>\n<li><span style=\"font-size: medium;\">Roc\u00edo Yllescas (M\u00e9xico \u2013 OJUEM 2020)<\/span><\/li>\n<\/ul>\n<h2 align=\"center\"><span style=\"font-size: medium;\"><b>CORNO<\/b><\/span><\/h2>\n<ul>\n<li><span style=\"font-size: medium;\">Armando Lavariega (M\u00e9xico \u2013 OJUEM 2020)<\/span><\/li>\n<\/ul>\n<h2 align=\"center\"><span style=\"font-size: medium;\"><b>TROMPETA<\/b><\/span><\/h2>\n<ul>\n<li><span style=\"font-size: medium;\">Omar S\u00e1nchez Pel\u00e1ez (M\u00e9xico \u2013 OSUAEH 2009[?])<\/span><\/li>\n<\/ul>\n<h2 align=\"center\"><span style=\"font-size: medium;\"><b>TROMB\u00d3N<\/b><\/span><\/h2>\n<ul>\n<li><span style=\"font-size: medium;\">Jos\u00e9 Le\u00f3n (Venezuela\/M\u00e9xico \u2013 OSSLA 2019)<\/span><\/li>\n<\/ul>\n<h2 align=\"center\"><span style=\"font-size: medium;\"><b>PERCUSIONES<\/b><\/span><\/h2>\n<ul>\n<li><span style=\"font-size: medium;\">Baruc Demi\u00e1n \u00c1lvarez (M\u00e9xico \u2013 OSEP 2010)<\/span><\/li>\n<li><span style=\"font-size: medium;\">Fernando Correa Rodr\u00edguez (M\u00e9xico \u2013 OSSLA 2017, 2019 [como solista y con Trommer])<\/span><\/li>\n<li><span style=\"font-size: medium;\">Heiko Dijker (Pa\u00edses Bajos [percusi\u00f3n hind\u00fa] \u2013 OSIDEM 2015)<\/span><\/li>\n<li><span style=\"font-size: medium;\">Paul Bernal (M\u00e9xico [Trommer] \u2013 OSSLA 2019)<\/span><\/li>\n<li><span style=\"font-size: medium;\">Jes\u00fas Alexander Ceballos (M\u00e9xico [Trommer] \u2013 OSSLA 2019)<\/span><\/li>\n<li><span style=\"font-size: medium;\">Roberto Carlos Ju\u00e1rez (M\u00e9xico [Trommer] \u2013 OSSLA 2019)<\/span><\/li>\n<li><span style=\"font-size: medium;\">Marco Fernando Inzunza (M\u00e9xico [Trommer] \u2013 OSSLA 2019)<\/span><\/li>\n<li><span style=\"font-size: medium;\">Fernando Correa Valdez (M\u00e9xico [Trommer] \u2013 OSSLA 2019)<\/span><\/li>\n<li><span style=\"font-size: medium;\">Edmundo Langner (M\u00e9xico \u2013 OSSLA 2019)<\/span><\/li>\n<li><span style=\"font-size: medium;\">Luis Alejandro Inda (M\u00e9xico \u2013 OSSLA 2019)<\/span><\/li>\n<li><span style=\"font-size: medium;\">Solista invitado 1 (M\u00e9xico \u2013 OSSLA 2019)<\/span><\/li>\n<li><span style=\"font-size: medium;\">Solista invitado 2 (M\u00e9xico \u2013 OSSLA 2019)<\/span><\/li>\n<li><span style=\"font-size: medium;\">Solista invitado 3 (M\u00e9xico \u2013 OSSLA 2019)<\/span><\/li>\n<li><span style=\"font-size: medium;\">Solista invitado 4 (M\u00e9xico \u2013 OSSLA 2019)<\/span><\/li>\n<\/ul>\n<h2 align=\"center\"><span style=\"font-size: medium;\"><b>PIANO<\/b><\/span><\/h2>\n<ul>\n<li><span style=\"font-size: medium;\">Eva Maria Zuk (Polonia\/Venezuela\/M\u00e9xico \u2013 OSEP 2012, OSIDEM 2013)<\/span><\/li>\n<li><span style=\"font-size: medium;\">Carlos Adriel Salmer\u00f3n (M\u00e9xico \u2013 OSJCCh\/OECCh 2012, OSIDEM 2012)<\/span><\/li>\n<li><span style=\"font-size: medium;\">Fernando Saint Martin (M\u00e9xico \u2013 OSIDEM 2012)<\/span><\/li>\n<li><span style=\"font-size: medium;\">Dami\u00e1n Hern\u00e1ndez (Espa\u00f1a \u2013 Filarmonia de Gaia, 2014)<\/span><\/li>\n<li><span style=\"font-size: medium;\">Mariana Chabukiani (Georgia [ex URSS]\/M\u00e9xico \u2013 Camerata de Coahuila 2015)<\/span><\/li>\n<li><span style=\"font-size: medium;\">Mauricio N\u00e1der (M\u00e9xico \u2013 OSIDEM 2012, 2013)<\/span><\/li>\n<li><span style=\"font-size: medium;\">Mar\u00eda Teresa Frenk (M\u00e9xico \u2013 OSIDEM 2013)<\/span><\/li>\n<li><span style=\"font-size: medium;\">Alexander Pashkov (Rusia\/M\u00e9xico \u2013 OSIDEM 2013, 2014)<\/span><\/li>\n<li><span style=\"font-size: medium;\">Manuel Delaflor (M\u00e9xico \u2013 OSIDEM 2013)<\/span><\/li>\n<li><span style=\"font-size: medium;\">Jorge Federico Osorio (M\u00e9xico \u2013 OSIDEM 2013 [dos programas])<\/span><\/li>\n<li><span style=\"font-size: medium;\">Daniela Liebman (M\u00e9xico \u2013 OSIDEM 2014)<\/span><\/li>\n<li><span style=\"font-size: medium;\">Jorge Ritter (M\u00e9xico \u2013 OSIDEM 2014)<\/span><\/li>\n<li><span style=\"font-size: medium;\">Conrad Tao (USA \u2013 OSIDEM 2014)<\/span><\/li>\n<li><span style=\"font-size: medium;\">Abdiel V\u00e1zquez (M\u00e9xico \u2013 OSIDEM 2014, OSSLA 2019)<\/span><\/li>\n<li><span style=\"font-size: medium;\">Lydie Solomon (Francia \u2013 OSIDEM 2014)<\/span><\/li>\n<li><span style=\"font-size: medium;\">Anna Fedorova (Ucrania \u2013 OSSLA 2019)<\/span><\/li>\n<li><span style=\"font-size: medium;\">Daniel Ochoa (M\u00e9xico \u2013 OSSLA 2019)<\/span><\/li>\n<li><span style=\"font-size: medium;\">Laura Carrasco (M\u00e9xico [Tr\u00edo Morelia] \u2013 OSIDEM 2013)<\/span><\/li>\n<\/ul>\n<h2 align=\"center\"><span style=\"font-size: medium;\"><b>\u00d3RGANO<\/b><\/span><\/h2>\n<ul>\n<li><span style=\"font-size: medium;\">Juan Carlos Ch\u00e1vez (M\u00e9xico \u2013 OSIDEM 2013)<\/span><\/li>\n<\/ul>\n<h2 align=\"center\"><span style=\"font-size: medium;\"><b>GUITARRA<\/b><\/span><\/h2>\n<ul>\n<li><span style=\"font-size: medium;\">Iv\u00e1n Maceda (M\u00e9xico \u2013 OSCoyoac\u00e1n 2009)<\/span><\/li>\n<li><span style=\"font-size: medium;\">Gonzalo Salazar (M\u00e9xico \u2013 OSUG 2013)<\/span><\/li>\n<li><span style=\"font-size: medium;\">Ayrtom Dervoed (Rusia \u2013 OSIDEM 2013)<\/span><\/li>\n<li><span style=\"font-size: medium;\">V\u00edctor Pellegrini (Argentina \u2013 OSIDEM 2013, 2014)<\/span><\/li>\n<li><span style=\"font-size: medium;\">Daniel Olmos (M\u00e9xico \u2013 OSIDEM 2013)<\/span><\/li>\n<li><span style=\"font-size: medium;\">Cecilio Perera (M\u00e9xico \u2013 OSIDEM 2014)<\/span><\/li>\n<li><span style=\"font-size: medium;\">Edwin Guevara (Colombia \u2013 OSIDEM 2015)<\/span><\/li>\n<li><span style=\"font-size: medium;\">Misael Barraza (M\u00e9xico \u2013 OSSLA 2020)<\/span><\/li>\n<li><span style=\"font-size: medium;\">Cecilia Siqueira (Uruguay\/Brasil [D\u00fao Siqueira Lima] \u2013 OSIDEM 2015)<\/span><\/li>\n<li><span style=\"font-size: medium;\">Fernando de Lima (Brasil [D\u00fao Siqueira Lima] \u2013 OSIDEM 2015)<\/span><\/li>\n<li><span style=\"font-size: medium;\">Pavel Meza (M\u00e9xico [Cuarteto de Guitarras Sinaloa] \u2013 OSSLA 2018)<\/span><\/li>\n<li><span style=\"font-size: medium;\">Jes\u00fas Anastasio Enr\u00edquez (M\u00e9xico [Cuarteto de Guitarras Sinaloa] \u2013 OSSLA 2018)<\/span><\/li>\n<li><span style=\"font-size: medium;\">Carlos Viramontes (M\u00e9xico [Cuarteto de Guitarras Sinaloa] \u2013 OSSLA 2018)<\/span><\/li>\n<li><span style=\"font-size: medium;\">Erwin Rodr\u00edguez (M\u00e9xico [Cuarteto de Guitarras Sinaloa] \u2013 OSSLA 2018) <\/span><\/li>\n<\/ul>\n<h2 align=\"center\"><span style=\"font-size: medium;\"><b>AGRUPACIONES MUSICALES SOLISTAS Y\/O EN COLABORACI\u00d3N<\/b><\/span><\/h2>\n<ul>\n<li><span style=\"font-size: medium;\">D\u00fao Siquiera-Lima (Brasil)<\/span><\/li>\n<li><span style=\"font-size: medium;\">Cuarteto Latinoamericano (M\u00e9xico)<\/span><\/li>\n<li><span style=\"font-size: medium;\">Cuarteto de Guitarras Sinaloa (M\u00e9xico)<\/span><\/li>\n<li><span style=\"font-size: medium;\">Mariachi Ordaz (M\u00e9xico)<\/span><\/li>\n<li><span style=\"font-size: medium;\">Quinteto Cri-Cr\u00ed (M\u00e9xico)<\/span><\/li>\n<li><span style=\"font-size: medium;\">Il Divo (fundado en Reino Unido \u2013 Internacional)<\/span><\/li>\n<li><span style=\"font-size: medium;\">Trommer Ensamble de Percusiones (M\u00e9xico)<\/span><\/li>\n<li><span style=\"font-size: medium;\">Marketo String Quartet (M\u00e9xico)<\/span><\/li>\n<li><span style=\"font-size: medium;\">Mole Caribe\u00f1o Jazz Band (Hait\u00ed\/M\u00e9xico)<\/span><\/li>\n<li><span style=\"font-size: medium;\">Tr\u00edo Morelia (M\u00e9xico)<\/span><\/li>\n<\/ul>\n<h2 align=\"center\"><span style=\"font-size: medium;\"><b>BAILARINES, CUERPOS DE BAILE Y DE TEATRO<\/b><\/span><\/h2>\n<ul>\n<li><span style=\"font-size: medium;\">Roc\u00edo Gabriela Pe\u00f1a Rodr\u00edguez (M\u00e9xico \u2013 Producci\u00f3n \u201cLa L\u00e9gende de Rudel\u201d, OSIDEM 2014)<\/span><\/li>\n<li><span style=\"font-size: medium;\">Norma Leticia Herrej\u00f3n Fraga (M\u00e9xico \u2013 Producci\u00f3n \u201cLa L\u00e9gende de Rudel\u201d, OSIDEM 2014)<\/span><\/li>\n<li><span style=\"font-size: medium;\">Brenda Ireri Avil\u00e9s Garc\u00eda (M\u00e9xico \u2013 Producci\u00f3n \u201cLa L\u00e9gende de Rudel\u201d, OSIDEM 2014)<\/span><\/li>\n<li><span style=\"font-size: medium;\">Ana Elisa Mena (M\u00e9xico \u2013 Producci\u00f3n \u201cEl Cascanueces\u201d, OSSLA 2017)<\/span><\/li>\n<li><span style=\"font-size: medium;\">Argenis Montalvo (M\u00e9xico \u2013 Producci\u00f3n \u201cEl Cascanueces\u201d, OSSLA 2017)<\/span><\/li>\n<li><span style=\"color: #141414;\"><span style=\"font-size: medium;\">Ur\u0161ka Vohar (Eslovenia \u2013 Producci\u00f3n \u201cLe Voisin\u201d de Myrmel, 2006)<\/span><\/span><\/li>\n<li><span style=\"font-size: medium;\">Pedro Ines (Producci\u00f3n \u201cLe Voisin\u201d de Myrmel, 2006)<\/span><\/li>\n<li><span style=\"font-size: medium;\">Brechtje Haverkate (Pa\u00edses Bajos \u2013 Producci\u00f3n \u201cLe Voisin\u201d de Myrmel, 2006)<\/span><\/li>\n<li><span style=\"font-size: medium;\">Ensamble de Ballet Andaluc\u00eda (M\u00e9xico \u2013 Producci\u00f3n \u201cCarmen\u201d, OSIDEM 2014)<\/span><\/li>\n<li><span style=\"font-size: medium;\">Cuadro Flamenco de Alfredo Moreno (M\u00e9xico \u2013 Producci\u00f3n \u201cCarmen\u201d, OSIDEM 2014)<\/span><\/li>\n<li><span style=\"font-size: medium;\">Uno M\u00e1s Otros Teatro (M\u00e9xico \u2013 Producci\u00f3n \u201cCarmen\u201d, OSIDEM 2014)<\/span><\/li>\n<li><span style=\"font-size: medium;\">Compa\u00f1\u00eda Folkl\u00f3rica Sinaloense del Instituto Sinaloense de Cultura (M\u00e9xico \u2013 Diversas colaboraciones con la OSSLA)<\/span><\/li>\n<li><span style=\"font-size: medium;\">Compa\u00f1\u00eda Danza Joven (M\u00e9xico \u2013 Diversas colaboraciones con la OSSLA)<\/span><\/li>\n<li><span style=\"font-size: medium;\">Teatro de Calle (M\u00e9xico \u2013 Diversas colaboraciones con la OSSLA)<\/span><\/li>\n<li><span style=\"font-size: medium;\">Escuela Cubana de Ballet Karemia del Rey (M\u00e9xico \u2013 Diversas colaboraciones con la OSSLA)<\/span><\/li>\n<\/ul>\n<p><\/p>","protected":false},"excerpt":{"rendered":"<p>VIOL\u00cdN Jorge Barr\u00f3n (M\u00e9xico\u00a0\u2013 Orquesta Sinf\u00f3nica Juvenil de la UAZ 2009) Manuel Lozano Torres (M\u00e9xico \u2013 OSSLA 2012) Ludwig Carrasco (M\u00e9xico [Tr\u00edo Morelia] \u2013 OSIDEM 2013) Rom\u00e1n Revueltas Retes (M\u00e9xico \u2013 OFILZAC 2014) Marta Magdalena Lelek (Polonia \u2013 OSUG 2015) Monika Dondalska (Polonia &#8211; Warmi\u0144sko-Mazurskiej 2016) Gunnar Persicke (Alemania \u2013 Sibelius Orchester 2017) Sergei Gorbenko [&hellip;]<\/p>\n","protected":false},"author":1,"featured_media":804,"parent":692,"menu_order":0,"comment_status":"closed","ping_status":"closed","template":"template-redesign.php","meta":{"footnotes":""},"class_list":["post-733","page","type-page","status-publish","has-post-thumbnail","hentry"],"_links":{"self":[{"href":"https:\/\/miguelsalmondelreal.com\/es\/wp-json\/wp\/v2\/pages\/733","targetHints":{"allow":["GET"]}}],"collection":[{"href":"https:\/\/miguelsalmondelreal.com\/es\/wp-json\/wp\/v2\/pages"}],"about":[{"href":"https:\/\/miguelsalmondelreal.com\/es\/wp-json\/wp\/v2\/types\/page"}],"author":[{"embeddable":true,"href":"https:\/\/miguelsalmondelreal.com\/es\/wp-json\/wp\/v2\/users\/1"}],"replies":[{"embeddable":true,"href":"https:\/\/miguelsalmondelreal.com\/es\/wp-json\/wp\/v2\/comments?post=733"}],"version-history":[{"count":12,"href":"https:\/\/miguelsalmondelreal.com\/es\/wp-json\/wp\/v2\/pages\/733\/revisions"}],"predecessor-version":[{"id":1008,"href":"https:\/\/miguelsalmondelreal.com\/es\/wp-json\/wp\/v2\/pages\/733\/revisions\/1008"}],"up":[{"embeddable":true,"href":"https:\/\/miguelsalmondelreal.com\/es\/wp-json\/wp\/v2\/pages\/692"}],"wp:featuredmedia":[{"embeddable":true,"href":"https:\/\/miguelsalmondelreal.com\/es\/wp-json\/wp\/v2\/media\/804"}],"wp:attachment":[{"href":"https:\/\/miguelsalmondelreal.com\/es\/wp-json\/wp\/v2\/media?parent=733"}],"curies":[{"name":"wp","href":"https:\/\/api.w.org\/{rel}","templated":true}]}}