{"id":726,"date":"2021-07-23T18:21:33","date_gmt":"2021-07-24T00:21:33","guid":{"rendered":"http:\/\/miguelsalmondelreal.com\/?page_id=726"},"modified":"2021-10-31T12:46:12","modified_gmt":"2021-10-31T18:46:12","slug":"countries-and-venues","status":"publish","type":"page","link":"https:\/\/miguelsalmondelreal.com\/es\/25-years-conducting\/countries-and-venues\/","title":{"rendered":"Pa\u00edses y escenarios"},"content":{"rendered":"<p><\/p>\n<h2 align=\"center\"><span style=\"font-size: medium;\">ALEMANIA<\/span><\/h2>\n<ul>\n<li><span style=\"font-size: medium;\">Otto Braun Saal (Berl\u00edn)<\/span><\/li>\n<li><span style=\"font-size: medium;\">Embajada Mexicana en Berl\u00edn (Berl\u00edn)<\/span><\/li>\n<li><span style=\"font-size: medium;\"><span lang=\"en-US\">Grosses Haus, Theater Trier (Trier)<\/span><\/span><\/li>\n<\/ul>\n<h2 align=\"center\"><span style=\"font-size: medium;\">BRASIL<\/span><\/h2>\n<ul>\n<li><span style=\"font-size: medium;\">Cine Brasilia (Brasilia)<\/span><\/li>\n<li><span style=\"font-size: medium;\">Theatro Municipal Rio de Janeiro (R\u00edo de Janeiro)<\/span><\/li>\n<\/ul>\n<h2 align=\"center\"><span style=\"font-size: medium;\">ESPA\u00d1A<\/span><\/h2>\n<ul>\n<li><span style=\"font-size: medium;\">Teatre Fortuny (Reus)<\/span><\/li>\n<\/ul>\n<h2 align=\"center\"><span style=\"font-size: medium;\">FRANCIA<\/span><\/h2>\n<ul>\n<li><span style=\"font-size: medium;\">Conservatoire National S\u00faperieur de Musique et Danse (Par\u00eds)<\/span><\/li>\n<li><span style=\"font-size: medium;\">H<\/span><span style=\"color: #000000;\"><span style=\"font-size: medium;\">\u00f4<\/span><\/span><span style=\"font-size: medium;\">tel de Ville (Clermont Ferrand)<\/span><\/li>\n<\/ul>\n<h2 align=\"center\"><span style=\"font-size: medium;\">ITALIA<\/span><\/h2>\n<ul>\n<li><span style=\"font-size: medium;\">Palazzo Caetani (Fondi)<\/span><\/li>\n<li><span style=\"font-size: medium;\">Basilica di Montecatini (Montecatini)<\/span><\/li>\n<li><span style=\"font-size: medium;\">Giardino d\u2019inverno di Villa Bertelli (Forte dei Marmi)<\/span><\/li>\n<\/ul>\n<h2 align=\"center\"><span style=\"font-size: medium;\">PA\u00cdSES BAJOS<\/span><\/h2>\n<ul>\n<li><span style=\"font-size: medium;\">Arnold Schoenbergzaal, Koninklijk Conservatorium (La Haya)<\/span><\/li>\n<li><span style=\"font-size: medium;\">Korzo Theatre (La Haya)<\/span><\/li>\n<li><span style=\"font-size: medium;\">Melkweg Theatre (Amsterdam)<\/span><\/li>\n<li><span style=\"font-size: medium;\">Conservatorium van Amsterdam (\u00c1msterdam)<\/span><\/li>\n<\/ul>\n<h2 align=\"center\"><span style=\"font-size: medium;\">POLONIA<\/span><\/h2>\n<ul>\n<li><span style=\"font-size: medium;\">Filharmonia Opolska im J\u00f3zefa Elsnera (Opole)<\/span><\/li>\n<li><span style=\"font-size: medium;\"><span lang=\"en-US\">Filharmonia Kaliska (Kalisz)<\/span><\/span><\/li>\n<li><span style=\"font-size: medium;\"><span lang=\"en-US\">Filharmonia Warmi<\/span><\/span><span style=\"color: #000000;\"><span style=\"font-size: medium;\"><span lang=\"en-US\">\u0144<\/span><\/span><\/span><span style=\"font-size: medium;\"><span lang=\"en-US\">sko-Mazurska im. Feliksa Nowowiejskiego w Olsztynie (Olsztyn)<\/span><\/span><\/li>\n<\/ul>\n<h2 align=\"center\"><span style=\"font-size: medium;\">PORTUGAL<\/span><\/h2>\n<ul>\n<li><span style=\"font-size: medium;\">Audit\u00f3rio Fernanda Correia (Vila Nova de Gaia)<\/span><\/li>\n<\/ul>\n<h2 align=\"center\"><span style=\"font-size: medium;\"><span lang=\"en-US\">REINO UNIDO<\/span><\/span><\/h2>\n<ul>\n<li><span style=\"font-size: medium;\"><span lang=\"en-US\">Duke\u2019s Hall, Royal College of Music (Londres)<\/span><\/span><\/li>\n<\/ul>\n<h2 align=\"center\"><span style=\"font-size: medium;\"><span lang=\"en-US\">REP\u00daBLICA CHECA<\/span><\/span><\/h2>\n<ul>\n<li><span style=\"font-size: medium;\"><span lang=\"en-US\">D\u016fm kultury m\u011bsta Ostravy [Ostrava House of Culture] (Ostrava)<\/span><\/span><\/li>\n<\/ul>\n<h2 align=\"center\"><span style=\"font-size: medium;\"><span lang=\"en-US\">RUSIA<\/span><\/span><\/h2>\n<ul>\n<li><span style=\"color: #27272e;\"><span style=\"font-size: medium;\">\u0412\u043e\u0440\u043e\u043d\u0435\u0436\u0441\u043a\u0430\u044f<\/span><\/span> <span style=\"color: #27272e;\"><span style=\"font-size: medium;\">\u0424\u0438\u043b\u0430\u0440\u043c\u043e\u043d\u0438\u044f<\/span><\/span><span style=\"color: #27272e;\"><span style=\"font-size: medium;\"><span lang=\"en-US\"> [Voronezhskaya Filarmoniya \u2013 Filarmon\u00eda de Voronezh] (Voronezh)<\/span><\/span><\/span><\/li>\n<\/ul>\n<h2 align=\"center\"><span style=\"color: #27272e;\"><span style=\"font-size: medium;\"><span lang=\"en-US\">SUIZA<\/span><\/span><\/span><\/h2>\n<ul>\n<li><span style=\"color: #27272e;\"><span style=\"font-size: medium;\"><span lang=\"en-US\">Kultur und Kongresszentrum Luzern [Sala anexa] (Lucerna)<\/span><\/span><\/span><\/li>\n<\/ul>\n<h2 align=\"center\"><span style=\"color: #27272e;\"><span style=\"font-size: medium;\"><span lang=\"en-US\">TURQU\u00cdA<\/span><\/span><\/span><\/h2>\n<ul>\n<li><span style=\"color: #27272e;\"><span style=\"font-size: medium;\"><span lang=\"en-US\">Milli Reas\u00fcrans Building (Estambul)<\/span><\/span><\/span><\/li>\n<\/ul>\n<h2 align=\"center\"><span style=\"font-size: medium;\">M\u00c9XICO<\/span><\/h2>\n<p><span style=\"font-size: medium;\">Baja California Sur<\/span><\/p>\n<ul>\n<li><span style=\"font-size: medium;\">Los Cabos<\/span><\/li>\n<\/ul>\n<p><span style=\"font-size: medium;\">Campeche<\/span><\/p>\n<ul>\n<li><span style=\"font-size: medium;\">Circo Teatro Renacimiento (Campeche)<\/span><\/li>\n<\/ul>\n<p><span style=\"font-size: medium;\">Chihuahua<\/span><\/p>\n<ul>\n<li><span style=\"font-size: medium;\">Teatro de los H\u00e9roes (Chihuahua)<\/span><\/li>\n<\/ul>\n<p><span style=\"font-size: medium;\">Ciudad de M\u00e9xico<\/span><\/p>\n<ul>\n<li><span style=\"font-size: medium;\">Iglesia de Nuestra Se\u00f1ora de Guadalupe \u201cEl Buen Tono\u201d<\/span><\/li>\n<li><span style=\"font-size: medium;\">Sala Ang\u00e9lica Morales de la Escuela Superior de M\u00fasica<\/span><\/li>\n<li><span style=\"font-size: medium;\">Aula 222 de la Escuela Superior de M\u00fasica<\/span><\/li>\n<li><span style=\"font-size: medium;\">Auditorio Blas Galindo de la Escuela Superior de M\u00fasica \/ Centro Nacional de las Artes<\/span><\/li>\n<li><span style=\"font-size: medium;\">Foro Cultural Coyoacanense \u201cHugo Arg\u00fcelles\u201d<\/span><\/li>\n<li><span style=\"font-size: medium;\">Auditorio \u201cDr. Raoul Fournier Villada\u201d de la Facultad de Medicina de la UNAM<\/span><\/li>\n<li><span style=\"font-size: medium;\">Auditorio \u201cSim\u00f3n Bol\u00edvar\u201d del Antiguo Colegio de San Ildefonso<\/span><\/li>\n<li><span style=\"font-size: medium;\">Auditorio \u201cAlejo Peralta\u201d del Centro Cultural Jaime Torres Bodet del IPN<\/span><\/li>\n<li><span style=\"font-size: medium;\">Museo Interactivo de la Polic\u00eda Federal<\/span><\/li>\n<li><span style=\"font-size: medium;\">Sala Roberto Cantoral (antes Sala Telef\u00f3nica)<\/span><\/li>\n<li><span style=\"font-size: medium;\">Auditorio de la Biblioteca Vasconcelos<\/span><\/li>\n<li><span style=\"font-size: medium;\">Sala Manuel M. Ponce del Palacio de Bellas Artes<\/span><\/li>\n<li><span style=\"font-size: medium;\">Sala Carlos Ch\u00e1vez del Centro Cultural Universitario de la UNAM<\/span><\/li>\n<li><span style=\"font-size: medium;\">Sala de Conciertos Nezahualc\u00f3yotl del Centro Cultural Universitario de la UNAM<\/span><\/li>\n<\/ul>\n<p><span style=\"font-size: medium;\">Coahuila<\/span><\/p>\n<ul>\n<li><span style=\"font-size: medium;\">Teatro Nazas (Torre\u00f3n)<\/span><\/li>\n<li><span style=\"font-size: medium;\">Teatro de la Ciudad \u201cFernando Soler\u201d (Saltillo)<\/span><\/li>\n<\/ul>\n<p><span style=\"font-size: medium;\">Guanajuato<\/span><\/p>\n<ul>\n<li><span style=\"font-size: medium;\">Teatro Principal (Guanajuato)<\/span><\/li>\n<li><span style=\"font-size: medium;\">Sal\u00f3n del Consejo Universitario [Antigua Capilla de los Indios Mexicanos], Universidad de Guanajuato (Guanajuato)<\/span><\/li>\n<\/ul>\n<p><span style=\"font-size: medium;\">Hidalgo<\/span><\/p>\n<ul>\n<li><span style=\"font-size: medium;\">Aula Magna \u201cAlfonso Cravioto\u201d del Centro Cultural Universitario de la UAEH (Pachuca)<\/span><\/li>\n<\/ul>\n<p><span style=\"font-size: medium;\">Jalisco<\/span><\/p>\n<ul>\n<li><span style=\"font-size: medium;\">Teatro Degollado (Guadalajara)<\/span><\/li>\n<\/ul>\n<p><span style=\"font-size: medium;\">Michoac\u00e1n<\/span><\/p>\n<ul>\n<li><span style=\"font-size: medium;\">Teatro Ocampo (Morelia)<\/span><\/li>\n<li><span style=\"font-size: medium;\">Teatro Morelos (Morelia)<\/span><\/li>\n<li><span style=\"font-size: medium;\">Catedral de Morelia (Morelia)<\/span><\/li>\n<li><span style=\"font-size: medium;\">Auditorio Nicola\u00edta del Centro Cultural Universitario, Universidad Michoacana de San Nicol\u00e1s de Hidalgo (Morelia)<\/span><\/li>\n<li><span style=\"font-size: medium;\">Bas\u00edlica de Nuestra Se\u00f1ora de la Salud (P\u00e1tzcuaro)<\/span><\/li>\n<li><span style=\"font-size: medium;\">Santuario de Nuestra Se\u00f1ora del Carmen (Tlapujahua)<\/span><\/li>\n<li><span style=\"font-size: medium;\">Plaza Principal (Paracho)<\/span><\/li>\n<li><span style=\"font-size: medium;\">Malec\u00f3n de la Cultura y las Artes (L\u00e1zaro C\u00e1rdenas)<\/span><\/li>\n<li><span style=\"font-size: medium;\">Parroquia de F\u00e1tima (Apatzing\u00e1n)<\/span><\/li>\n<li><span style=\"font-size: medium;\">Atrio del Ex Convento Franciscano de Santa Ana (Tzintzuntz\u00e1n)<\/span><\/li>\n<li><span style=\"font-size: medium;\">Plaza Principal (Los Reyes)<\/span><\/li>\n<li><span style=\"font-size: medium;\">Teatro Hidalgo (Zinap\u00e9cuaro)<\/span><\/li>\n<li><span style=\"font-size: medium;\">Antigua F\u00e1brica de San Pedro (Uruapan)<\/span><\/li>\n<li><span style=\"font-size: medium;\">Teatro Uruapan (Uruapan)<\/span><\/li>\n<li><span style=\"font-size: medium;\">Teatro Obrero (Zamora)<\/span><\/li>\n<\/ul>\n<p><span style=\"font-size: medium;\">Nuevo Le\u00f3n<\/span><\/p>\n<ul>\n<li><span style=\"font-size: medium;\">Teatro Universitario de la Universidad Aut\u00f3noma de Nuevo Le\u00f3n (Monterrey)<\/span><\/li>\n<\/ul>\n<p><span style=\"font-size: medium;\">Puebla<\/span><\/p>\n<ul>\n<li><span style=\"font-size: medium;\">Complejo Cultural del Carmen (Tehuac\u00e1n)<\/span><\/li>\n<li><span style=\"font-size: medium;\">San Pedro Museo de Arte (Puebla)<\/span><\/li>\n<\/ul>\n<p><span style=\"font-size: medium;\">Quer\u00e9taro<\/span><\/p>\n<ul>\n<li><span style=\"font-size: medium;\">Auditorio \u201cJosefa Ortiz de Dom\u00ednguez\u201d (Santiago de Quer\u00e9taro)<\/span><\/li>\n<\/ul>\n<p><span style=\"font-size: medium;\">Quintana Roo<\/span><\/p>\n<ul>\n<li><span style=\"font-size: medium;\">Teatro Canc\u00fan (Canc\u00fan)<\/span><\/li>\n<li><span style=\"font-size: medium;\">Auditorio del Hotel Ocean Maya Royale (Playa del Carmen)<\/span><\/li>\n<\/ul>\n<p><span style=\"font-size: medium;\">San Luis Potos\u00ed<\/span><\/p>\n<ul>\n<li><span style=\"font-size: medium;\">Teatro de la Paz (San Luis Potos\u00ed)<\/span><\/li>\n<\/ul>\n<p><span style=\"font-size: medium;\">Sinaloa<\/span><\/p>\n<ul>\n<li><span style=\"font-size: medium;\">Teatro Pablo de Villavicencio (Culiac\u00e1n Rosales)<\/span><\/li>\n<li><span style=\"font-size: medium;\">Jard\u00edn Bot\u00e1nico (Culiac\u00e1n Rosales)<\/span><\/li>\n<li><span style=\"font-size: medium;\">Sala 4K del Parque Tem\u00e1tico M\u00e1s Culiac\u00e1n (Culiac\u00e1n Rosales)<\/span><\/li>\n<li><span style=\"font-size: medium;\">Teatro Lince de la Universidad Aut\u00f3noma de Occidente (Culiac\u00e1n Rosales)<\/span><\/li>\n<li><span style=\"font-size: medium;\">Teatro MIA (Culiac\u00e1n Rosales)<\/span><\/li>\n<li><span style=\"font-size: medium;\">Parroquia de Nuestra Se\u00f1ora de Guadalupe \u201cLa Lomita\u201d (Culiac\u00e1n Rosales)<\/span><\/li>\n<li><span style=\"font-size: medium;\">Torre Acad\u00e9mica de la Universidad Aut\u00f3noma de Sinaloa (Culiac\u00e1n Rosales)<\/span><\/li>\n<li><span style=\"font-size: medium;\">Parque Acu\u00e1tico Tres R\u00edos (Culiac\u00e1n Rosales)<\/span><\/li>\n<li>Teatro Griego, Parque Culiac\u00e1n 87 (Culiac\u00e1n Rosales)<\/li>\n<li><span style=\"font-size: medium;\">Estadio \u201cTeodoro Mariscal\u201d (Mazatl\u00e1n)<\/span><\/li>\n<li><span style=\"font-size: medium;\">Las Villas Spa &amp; Resort by Estrella del Mar (Mazatl\u00e1n)<\/span><\/li>\n<li><span style=\"font-size: medium;\">Museo Regional del \u00c9vora (Guam\u00fachil)<\/span><\/li>\n<li><span style=\"font-size: medium;\">Avenida Ferrocarril (Guam\u00fachil)<\/span><\/li>\n<li><span style=\"font-size: medium;\">Estadio \u201cAlberto Vega Ch\u00e1vez\u201d (Guam\u00fachil)<\/span><\/li>\n<li><span style=\"font-size: medium;\">Jard\u00edn Bot\u00e1nico (Los Mochis)<\/span><\/li>\n<li><span style=\"font-size: medium;\">La P\u00e9rgola (Los Mochis)<\/span><\/li>\n<li><span style=\"font-size: medium;\">Plazuela de Chametla (Chametla)<\/span><\/li>\n<\/ul>\n<p><span style=\"font-size: medium;\">Sonora<\/span><\/p>\n<ul>\n<li><span style=\"font-size: medium;\">Teatro de la Ciudad de la Casa de Cultura de Sonora (Hermosillo)<\/span><\/li>\n<\/ul>\n<p><span style=\"font-size: medium;\">Veracruz<\/span><\/p>\n<ul>\n<li><span style=\"font-size: medium;\">Tlaqn\u00e1 Centro Cultural (Xalapa-Enr\u00edquez)<\/span><\/li>\n<\/ul>\n<p><span style=\"font-size: medium;\">Yucat\u00e1n<\/span><\/p>\n<ul>\n<li><span style=\"font-size: medium;\">Teatro Pe\u00f3n Contreras (M\u00e9rida)<\/span><\/li>\n<\/ul>\n<p><span style=\"font-size: medium;\">Zacatecas<\/span><\/p>\n<ul>\n<li><span style=\"font-size: medium;\">Teatro Hinojosa (Jerez)<\/span><\/li>\n<li><span style=\"font-size: medium;\">Teatro Gonz\u00e1lez Echeverr\u00eda (Fresnillo)<\/span><\/li>\n<li><span style=\"font-size: medium;\">Teatro Ram\u00f3n L\u00f3pez Velarde (Zacatecas)<\/span><\/li>\n<li><span style=\"font-size: medium;\">Teatro Fernando Calder\u00f3n (Zacatecas)<\/span><\/li>\n<\/ul>\n<p><\/p>","protected":false},"excerpt":{"rendered":"<p>ALEMANIA Otto Braun Saal (Berl\u00edn) Embajada Mexicana en Berl\u00edn (Berl\u00edn) Grosses Haus, Theater Trier (Trier) BRASIL Cine Brasilia (Brasilia) Theatro Municipal Rio de Janeiro (R\u00edo de Janeiro) ESPA\u00d1A Teatre Fortuny (Reus) FRANCIA Conservatoire National S\u00faperieur de Musique et Danse (Par\u00eds) H\u00f4tel de Ville (Clermont Ferrand) ITALIA Palazzo Caetani (Fondi) Basilica di Montecatini (Montecatini) Giardino d\u2019inverno [&hellip;]<\/p>\n","protected":false},"author":1,"featured_media":727,"parent":692,"menu_order":0,"comment_status":"closed","ping_status":"closed","template":"template-redesign.php","meta":{"footnotes":""},"class_list":["post-726","page","type-page","status-publish","has-post-thumbnail","hentry"],"_links":{"self":[{"href":"https:\/\/miguelsalmondelreal.com\/es\/wp-json\/wp\/v2\/pages\/726","targetHints":{"allow":["GET"]}}],"collection":[{"href":"https:\/\/miguelsalmondelreal.com\/es\/wp-json\/wp\/v2\/pages"}],"about":[{"href":"https:\/\/miguelsalmondelreal.com\/es\/wp-json\/wp\/v2\/types\/page"}],"author":[{"embeddable":true,"href":"https:\/\/miguelsalmondelreal.com\/es\/wp-json\/wp\/v2\/users\/1"}],"replies":[{"embeddable":true,"href":"https:\/\/miguelsalmondelreal.com\/es\/wp-json\/wp\/v2\/comments?post=726"}],"version-history":[{"count":11,"href":"https:\/\/miguelsalmondelreal.com\/es\/wp-json\/wp\/v2\/pages\/726\/revisions"}],"predecessor-version":[{"id":1005,"href":"https:\/\/miguelsalmondelreal.com\/es\/wp-json\/wp\/v2\/pages\/726\/revisions\/1005"}],"up":[{"embeddable":true,"href":"https:\/\/miguelsalmondelreal.com\/es\/wp-json\/wp\/v2\/pages\/692"}],"wp:featuredmedia":[{"embeddable":true,"href":"https:\/\/miguelsalmondelreal.com\/es\/wp-json\/wp\/v2\/media\/727"}],"wp:attachment":[{"href":"https:\/\/miguelsalmondelreal.com\/es\/wp-json\/wp\/v2\/media?parent=726"}],"curies":[{"name":"wp","href":"https:\/\/api.w.org\/{rel}","templated":true}]}}