{"id":720,"date":"2021-07-23T17:52:30","date_gmt":"2021-07-23T23:52:30","guid":{"rendered":"http:\/\/miguelsalmondelreal.com\/?page_id=720"},"modified":"2021-10-26T13:08:22","modified_gmt":"2021-10-26T19:08:22","slug":"conducted-groups","status":"publish","type":"page","link":"https:\/\/miguelsalmondelreal.com\/es\/25-years-conducting\/conducted-groups\/","title":{"rendered":"Orquestas, ensambles y coros dirigidos"},"content":{"rendered":"<p><\/p>\n<h2 style=\"text-align: left;\" align=\"center\"><span style=\"font-size: large;\">ORQUESTAS<\/span><\/h2>\n<h3 style=\"text-align: center;\" align=\"center\"><span style=\"font-size: medium;\">M\u00c9XICO<\/span><\/h3>\n<ul>\n<li><span style=\"font-size: medium;\">Orquesta Pro-Arte de la Ciudad de M\u00e9xico<\/span><\/li>\n<li><span style=\"font-size: medium;\">Orquesta Sinf\u00f3nica de la Universidad Aut\u00f3noma del Estado de Hidalgo (OSUAEH)<\/span><\/li>\n<li><span style=\"font-size: medium;\">Orquesta Sinf\u00f3nica Juvenil de la Unidad Acad\u00e9mica de M\u00fasica de la Universidad Aut\u00f3noma de Zacatecas (OSJUAMUAZ)<\/span><\/li>\n<li><span style=\"font-size: medium;\">Orquesta Sinf\u00f3nica de la Escuela Superior de M\u00fasica<\/span><\/li>\n<li><span style=\"font-size: medium;\">Orquesta Filarm\u00f3nica de Sonora (OFS)<\/span><\/li>\n<li><span style=\"font-size: medium;\">Orquesta Sinf\u00f3nica de Coyoac\u00e1n<\/span><\/li>\n<li><span style=\"font-size: medium;\">Orquesta Sinf\u00f3nica del Estado de Puebla (OSEP)<\/span><\/li>\n<li><span style=\"font-size: medium;\">Orquesta Escuela Carlos Ch\u00e1vez [antes Orquesta Sinf\u00f3nica Juvenil Carlos Ch\u00e1vez] (OSJCCh \/ OECCh)<\/span><\/li>\n<li><span style=\"font-size: medium;\">Orquesta Filarm\u00f3nica de Jalisco (OFJ)<\/span><\/li>\n<li><span style=\"font-size: medium;\">Orquesta Sinf\u00f3nica de San Luis Potos\u00ed (OSSLP)<\/span><\/li>\n<li><span style=\"font-size: medium;\">Orquesta Sinf\u00f3nica de la Universidad de Guanajuato (OSUG)<\/span><\/li>\n<li><span style=\"font-size: medium;\">Orquesta Filarm\u00f3nica de Zacatecas (OFILZAC)<\/span><\/li>\n<li><span style=\"font-size: medium;\">Camerata de Coahuila<\/span><\/li>\n<li><span style=\"font-size: medium;\">Orquesta Sinf\u00f3nica de Xalapa (OSX)<\/span><\/li>\n<li><span style=\"font-size: medium;\">Orquesta Filarm\u00f3nica del Desierto de Coahuila (OFDC)<\/span><\/li>\n<li><span style=\"font-size: medium;\">Orquesta Sinf\u00f3nica del Instituto Polit\u00e9cnico Nacional (OSIPN)<\/span><\/li>\n<li><span style=\"font-size: medium;\">Orquesta Sinf\u00f3nica de Alientos de la Polic\u00eda Federal<\/span><\/li>\n<li><span style=\"font-size: medium;\">Orquesta Sinf\u00f3nica de la Universidad Aut\u00f3noma de Nuevo Le\u00f3n (OSUANL)<\/span><\/li>\n<li><span style=\"font-size: medium;\">Orquesta Filarm\u00f3nica del Estado de Chihuahua (OFECH)<\/span><\/li>\n<li><span style=\"font-size: medium;\">Orquesta Sinf\u00f3nica de Yucat\u00e1n (OSY)<\/span><\/li>\n<li><span style=\"font-size: medium;\">Orquesta Juvenil Universitaria Eduardo Mata (OJUEM)<\/span><\/li>\n<li><span style=\"font-size: medium;\">Orquesta Sinf\u00f3nica de Michoac\u00e1n [como invitado y titular] (OSIDEM)<\/span><\/li>\n<li><span style=\"font-size: medium;\">Orquesta Sinf\u00f3nica Sinaloa de las Artes [como invitado y titular] (OSSLA)<\/span><\/li>\n<li><span style=\"font-size: medium;\">Orquesta Sinf\u00f3nica de Oaxaca (OSO)<\/span><\/li>\n<\/ul>\n<p>&nbsp;<\/p>\n<h3 style=\"text-align: center;\" align=\"center\"><span style=\"font-size: medium;\">ALEMANIA<\/span><\/h3>\n<ul>\n<li><span style=\"font-size: medium;\"><span lang=\"en-US\">Berliner Sibelius Orchester \/ Orquesta Sibelius de Berl\u00edn<\/span><\/span><\/li>\n<li><span style=\"font-size: medium;\">Philharmonisches Orchester der Stadt Trier \/ Orquesta Filarm\u00f3nica de la Ciudad de Trier<\/span><\/li>\n<\/ul>\n<h3 style=\"text-align: center;\" align=\"center\"><span style=\"font-size: medium;\">BRASIL<\/span><\/h3>\n<ul>\n<li><span style=\"font-size: medium;\">Orquestra Sinf\u00f4nica do Teatro Cl\u00e1udio Santoro<\/span><\/li>\n<li><span style=\"font-size: medium;\">Orquestra Sinf\u00f4nica Brasileira<\/span><\/li>\n<\/ul>\n<p>&nbsp;<\/p>\n<h3 align=\"center\"><span style=\"font-size: medium;\">ESPA\u00d1A<\/span><\/h3>\n<ul>\n<li><span style=\"font-size: medium;\">Orquestra de l\u2019Associaci\u00f3 de Concerts \u2013 Camerata XXI<\/span><\/li>\n<\/ul>\n<p>&nbsp;<\/p>\n<h3 align=\"center\"><span style=\"font-size: medium;\">FRANCIA<\/span><\/h3>\n<ul>\n<li><span style=\"font-size: medium;\">Orchestre des Laur\u00e9ats du Conservatoire<\/span><\/li>\n<li><span style=\"font-size: medium;\">Orchestre du Conservatoire de Paris<\/span><\/li>\n<li><span style=\"font-size: medium;\">Orchestre National d\u2019Auvergne<\/span><\/li>\n<\/ul>\n<p>&nbsp;<\/p>\n<h3 align=\"center\"><span style=\"font-size: medium;\">ITALIA<\/span><\/h3>\n<ul>\n<li><span style=\"font-size: medium;\">Orchestra da Camera Citt\u00e0 di Fondi<\/span><\/li>\n<li><span style=\"font-size: medium;\">Orchestra Domenico Scarlatti<\/span><\/li>\n<\/ul>\n<h3 align=\"center\"><span style=\"font-size: medium;\">POLONIA<\/span><\/h3>\n<ul>\n<li><span style=\"font-size: medium;\">Filharmonicy Opolscy \/ Orquesta Filarm\u00f3nica de Opole<\/span><\/li>\n<li><span style=\"font-size: medium;\">Orkiestra Symfoniczna Filharmonii Kaliskiej \/ Orquesta Filarm\u00f3nica de Kalisz<\/span><\/li>\n<li><span style=\"font-size: medium;\">Orkiestra Symfoniczna Filharmonii Warmi\u0144sko-Mazurskiej \/ Orquesta Filarm\u00f3nica de Warmia-Mazuria<\/span><\/li>\n<\/ul>\n<p>&nbsp;<\/p>\n<h3 align=\"center\"><span style=\"font-size: medium;\">PORTUGAL<\/span><\/h3>\n<ul>\n<li><span style=\"font-size: medium;\">Orquestra Filarmonia de Gaia<\/span><\/li>\n<\/ul>\n<h3 align=\"center\"><span style=\"font-size: medium;\">REP\u00daBLICA CHECA<\/span><\/h3>\n<ul>\n<li><span style=\"font-size: medium;\">Jan\u00e1\u010dkova Filharmonie Ostrava \/ Orquesta Filarm\u00f3nica Jan\u00e1\u010dek de Ostrava<\/span><\/li>\n<\/ul>\n<h3 align=\"center\"><span style=\"font-size: medium;\">RUSIA<\/span><\/h3>\n<ul>\n<li><span style=\"font-size: medium;\">\u0412\u043e\u0440\u043e\u043d\u0435\u0436\u0441\u043a\u0438\u0439 \u0410\u043a\u0430\u0434\u0435\u043c\u0438\u0447\u0435\u0441\u043a\u0438\u0439 \u0441\u0438\u043c\u0444\u043e\u043d\u0438\u0447\u0435\u0441\u043a\u0438\u0439 \u043e\u0440\u043a\u0435\u0441\u0442\u0440 (Voronezhkiy Akademicheskiy Simfonicheskiy Orkestr) \/ Orquesta Sinf\u00f3nica Acad\u00e9mica de Voronezh<\/span><\/li>\n<\/ul>\n<p>&nbsp;<\/p>\n<h3 align=\"center\"><span style=\"font-size: medium;\">SUIZA<\/span><\/h3>\n<ul>\n<li><span style=\"font-size: medium;\"><span lang=\"en-US\">Lucerne Festival Contemporary Orchestra (antes Lucerne Festival Academy Orchestra)<\/span><\/span><\/li>\n<\/ul>\n<h3 align=\"center\"><\/h3>\n<h3 align=\"center\"><span style=\"font-size: medium;\">TURQU\u00cdA<\/span><\/h3>\n<ul>\n<li><span style=\"font-size: medium;\">Milli Reas\u00fcrans Chamber Orchestra \/ Orquesta de C\u00e1mara Milli Reas\u00fcrans<\/span><\/li>\n<\/ul>\n<p>&nbsp;<\/p>\n<p>&nbsp;<\/p>\n<p><span style=\"font-size: large;\"><b>ENSAMBLES<\/b><\/span><\/p>\n<h3 align=\"center\"><span style=\"font-size: medium;\">M\u00c9XICO<\/span><\/h3>\n<ul>\n<li><span style=\"font-size: medium;\">Ensamble Tempus Fugit<\/span><\/li>\n<li><span style=\"font-size: medium;\">Ensamble Contempor\u00e1neo de Morelia<\/span><\/li>\n<li><span style=\"font-size: medium;\">Ensamble Nuevo de M\u00e9xico [titular] (ENdM)<\/span><\/li>\n<\/ul>\n<p>&nbsp;<\/p>\n<h3 align=\"center\"><span style=\"font-size: medium;\">ALEMANIA<\/span><\/h3>\n<ul>\n<li><span style=\"font-size: medium;\">Kosmopolitan Ensemble<\/span><\/li>\n<\/ul>\n<p>&nbsp;<\/p>\n<h3 align=\"center\"><span style=\"font-size: medium;\">FRANCIA<\/span><\/h3>\n<ul>\n<li><span style=\"font-size: medium;\">Ensemble Court-Circuit<\/span><\/li>\n<li><span style=\"font-size: medium;\">Ensemble de la Cit\u00e9 Universitaire<\/span><\/li>\n<\/ul>\n<p>&nbsp;<\/p>\n<h3 align=\"center\"><span style=\"font-size: medium;\">PA\u00cdSES BAJOS<\/span><\/h3>\n<ul>\n<li><span style=\"font-size: medium;\">KC Ensemble \/ Ensamble del Real Conservatorio de La Haya<\/span><\/li>\n<li><span style=\"font-size: medium;\"><span lang=\"en-US\">Nederlandse Nieuwe Muziek Groep (titular)<\/span><\/span><\/li>\n<li><span style=\"font-size: medium;\"><span lang=\"en-US\">Ensamble(s) del Conservatorium van Amsterdam<\/span><\/span><\/li>\n<li><span style=\"font-size: medium;\">Producci\u00f3n \u00f3pera \u201cLe Voisin\u201d de Thomas Myrmel (codirigida con Lucas Vis)<\/span><\/li>\n<\/ul>\n<h3 align=\"center\"><span style=\"font-size: medium;\">REINO UNIDO<\/span><\/h3>\n<ul>\n<li><span style=\"font-size: medium;\"><span lang=\"en-US\">London Steve Reich Ensemble <\/span><\/span><\/li>\n<\/ul>\n<h2 style=\"text-align: left;\" align=\"center\"><span style=\"font-size: large;\"><span lang=\"en-US\">COROS<\/span><\/span><\/h2>\n<h3 align=\"center\"><span style=\"font-size: medium;\"><span lang=\"en-US\">M\u00c9XICO<\/span><\/span><\/h3>\n<ul>\n<li><span style=\"font-size: medium;\">Capella Miranda<\/span><\/li>\n<li><span style=\"font-size: medium;\">Coro de la Escuela Superior de M\u00fasica<\/span><\/li>\n<li><span style=\"font-size: medium;\">Sociedad Coral Cantus Hominum<\/span><\/li>\n<li><span style=\"font-size: medium;\">Coro del Apostolado de la Cruz<\/span><\/li>\n<li><span style=\"font-size: medium;\">Coro del Parque Lineal<\/span><\/li>\n<li><span style=\"font-size: medium;\">Coro de Capula<\/span><\/li>\n<li><span style=\"font-size: medium;\">Coro de los Ni\u00f1os Cantores de Morelia<\/span><\/li>\n<li><span style=\"font-size: medium;\">Coro Convivium Musicum<\/span><\/li>\n<li><span style=\"font-size: medium;\">Coro de la Secretar\u00eda de Cultura de Michoac\u00e1n<\/span><\/li>\n<li><span style=\"font-size: medium;\">Octeto Vocal de la Universidad Michoacana<\/span><\/li>\n<li><span style=\"font-size: medium;\">Coro Sinf\u00f3nico del Sistema Nacional de Fomento Musical<\/span><\/li>\n<li><span style=\"font-size: medium;\">Ensamble Coral Naval de la Secretar\u00eda de Marina<\/span><\/li>\n<li><span style=\"font-size: medium;\">Coro del Festival Internacional de \u00d3pera de Michoac\u00e1n<\/span><\/li>\n<li><span style=\"font-size: medium;\">Coro Infantil del Festival Internacional de \u00d3pera de Michoac\u00e1n<\/span><\/li>\n<li><span style=\"font-size: medium;\">Nuevo Coro de \u00d3pera de Michoac\u00e1n<\/span><\/li>\n<li><span style=\"font-size: medium;\">Solistas Ensamble de Bellas Artes &#8211; INBAL<\/span><\/li>\n<li><span style=\"font-size: medium;\">Coro del Taller de \u00d3pera de Sinaloa<\/span><\/li>\n<\/ul>\n<p>&nbsp;<\/p>\n<h3 align=\"center\"><span style=\"font-size: medium;\">FRANCIA<\/span><\/h3>\n<ul>\n<li><span style=\"font-size: medium;\">Choeur du Conservatoire de Paris<\/span><\/li>\n<\/ul>\n<h3 align=\"center\"><span style=\"font-size: medium;\">ITALIA<\/span><\/h3>\n<ul>\n<li><span style=\"font-size: medium;\">Schola Cantorum Labronica<\/span><\/li>\n<\/ul>\n<h3 align=\"center\"><span style=\"font-size: medium;\">PA\u00cdSES BAJOS<\/span><\/h3>\n<ul>\n<li><span style=\"font-size: medium;\"><u>Coro de la Amsterdam Opera Academy<\/u><\/span><\/li>\n<\/ul>\n<p><\/p>","protected":false},"excerpt":{"rendered":"<p>ORQUESTAS M\u00c9XICO Orquesta Pro-Arte de la Ciudad de M\u00e9xico Orquesta Sinf\u00f3nica de la Universidad Aut\u00f3noma del Estado de Hidalgo (OSUAEH) Orquesta Sinf\u00f3nica Juvenil de la Unidad Acad\u00e9mica de M\u00fasica de la Universidad Aut\u00f3noma de Zacatecas (OSJUAMUAZ) Orquesta Sinf\u00f3nica de la Escuela Superior de M\u00fasica Orquesta Filarm\u00f3nica de Sonora (OFS) Orquesta Sinf\u00f3nica de Coyoac\u00e1n Orquesta Sinf\u00f3nica [&hellip;]<\/p>\n","protected":false},"author":1,"featured_media":482,"parent":692,"menu_order":0,"comment_status":"closed","ping_status":"closed","template":"template-redesign.php","meta":{"footnotes":""},"class_list":["post-720","page","type-page","status-publish","has-post-thumbnail","hentry"],"_links":{"self":[{"href":"https:\/\/miguelsalmondelreal.com\/es\/wp-json\/wp\/v2\/pages\/720","targetHints":{"allow":["GET"]}}],"collection":[{"href":"https:\/\/miguelsalmondelreal.com\/es\/wp-json\/wp\/v2\/pages"}],"about":[{"href":"https:\/\/miguelsalmondelreal.com\/es\/wp-json\/wp\/v2\/types\/page"}],"author":[{"embeddable":true,"href":"https:\/\/miguelsalmondelreal.com\/es\/wp-json\/wp\/v2\/users\/1"}],"replies":[{"embeddable":true,"href":"https:\/\/miguelsalmondelreal.com\/es\/wp-json\/wp\/v2\/comments?post=720"}],"version-history":[{"count":6,"href":"https:\/\/miguelsalmondelreal.com\/es\/wp-json\/wp\/v2\/pages\/720\/revisions"}],"predecessor-version":[{"id":993,"href":"https:\/\/miguelsalmondelreal.com\/es\/wp-json\/wp\/v2\/pages\/720\/revisions\/993"}],"up":[{"embeddable":true,"href":"https:\/\/miguelsalmondelreal.com\/es\/wp-json\/wp\/v2\/pages\/692"}],"wp:featuredmedia":[{"embeddable":true,"href":"https:\/\/miguelsalmondelreal.com\/es\/wp-json\/wp\/v2\/media\/482"}],"wp:attachment":[{"href":"https:\/\/miguelsalmondelreal.com\/es\/wp-json\/wp\/v2\/media?parent=720"}],"curies":[{"name":"wp","href":"https:\/\/api.w.org\/{rel}","templated":true}]}}