{"id":692,"date":"2021-07-23T10:19:13","date_gmt":"2021-07-23T16:19:13","guid":{"rendered":"http:\/\/miguelsalmondelreal.com\/?page_id=692"},"modified":"2026-03-26T01:19:55","modified_gmt":"2026-03-26T07:19:55","slug":"25-years-conducting","status":"publish","type":"page","link":"https:\/\/miguelsalmondelreal.com\/es\/25-years-conducting\/","title":{"rendered":"25 a\u00f1os de trayectoria"},"content":{"rendered":"<p><\/p>\n<h3 style=\"text-align: center;\">Numeralia 2001 &#8211; 2021<\/h3>\n<blockquote class=\"bg-light-gray\">\n<ul>\n<li><span style=\"font-size: large;\">42 orquestas dirigidas en 13 pa\u00edses<\/span><\/li>\n<li><span style=\"font-size: large;\">228 solistas dirigidos de 28 nacionalidades<\/span><\/li>\n<li><span style=\"font-size: large;\">M\u00e1s de 100 estrenos absolutos de obras del siglo XXI<\/span><\/li>\n<\/ul>\n<\/blockquote>\n<hr \/>\n<h5><\/h5>\n<h4><span style=\"font-size: large;\">Habiendo dirigido en 13 pa\u00edses <\/span><\/h4>\n<p><span style=\"font-size: medium;\">(57 ciudades, 38 en Mexico, 20 en el extranjero)<\/span><\/p>\n<ul>\n<li><span style=\"font-size: medium;\">M\u00e9xico (2001 a 2021) <\/span><\/li>\n<li><span style=\"font-size: medium;\">Pa\u00edses Bajos (2003 a 2009) <\/span><\/li>\n<li><span style=\"font-size: medium;\">Alemania (2003, 2014 <\/span><span style=\"font-size: medium;\">y<\/span><span style=\"font-size: medium;\"> 2017) <\/span><\/li>\n<li><span style=\"font-size: medium;\">Suiza (2005) <\/span><\/li>\n<li><span style=\"font-size: medium;\">Republica Checa (2007) <\/span><\/li>\n<li><span style=\"font-size: medium;\">Francia (2007 a 2008) <\/span><\/li>\n<li><span style=\"font-size: medium;\">Rusia (2014) <\/span><\/li>\n<li><span style=\"font-size: medium;\">Polonia (2014, 2015 <\/span><span style=\"font-size: medium;\">y<\/span><span style=\"font-size: medium;\"> 2016) <\/span><\/li>\n<li><span style=\"font-size: medium;\">Portugal (2014) <\/span><\/li>\n<li><span style=\"font-size: medium;\">Italia (2017 <\/span><span style=\"font-size: medium;\">y<\/span><span style=\"font-size: medium;\"> 2019) <\/span><\/li>\n<li><span style=\"font-size: medium;\">Espa\u00f1a (2018) <\/span><\/li>\n<li><span style=\"font-size: medium;\">Turqu\u00eda (2016) <\/span><\/li>\n<li><span style=\"font-size: medium;\">Brasil (2016 <\/span><span style=\"font-size: medium;\">y<\/span><span style=\"font-size: medium;\"> 2019)<\/span><\/li>\n<\/ul>\n<p><a class=\"button dark\" href=\"http:\/\/miguelsalmondelreal.com\/20-years-conducting\/countries-and-venues\/\">leer m\u00e1s<\/a><\/p>\n<hr \/>\n<h3><\/h3>\n<h4><span style=\"font-size: large;\">80 agrupaciones dirigidas<\/span><\/h4>\n<ul>\n<li><span style=\"font-size: large;\">42 orquestas <\/span><span style=\"font-size: medium;\">(24 en M\u00e9xico, 18 en el extranjero)<\/span><\/li>\n<li><span style=\"font-size: large;\">20 coros <\/span><span style=\"font-size: medium;\">(17 en M\u00e9xico, 3 en el extranjero)<\/span><\/li>\n<li><span style=\"font-size: large;\">11 ensambles <\/span><span style=\"font-size: medium;\">(3 en M\u00e9xico, 8 en el extranjero)<\/span><\/li>\n<li><span style=\"font-size: large;\">7 compa\u00f1\u00edas de teatro o danza <\/span><span style=\"font-size: medium;\">(3 en M\u00e9xico, 7 en el extranjero)<\/span><\/li>\n<\/ul>\n<p><a class=\"button dark\" href=\"http:\/\/miguelsalmondelreal.com\/20-years-conducting\/conducted-groups\/\">leer m\u00e1s<\/a><\/p>\n<hr \/>\n<h3><\/h3>\n<h4 style=\"text-align: left;\"><span style=\"font-size: large;\">Solistas dirigidos<br \/>\n<\/span><\/h4>\n<p><span style=\"font-size: large;\">228 solistas dirigidos de 28 nacionalidades<\/span><\/p>\n<p><span style=\"font-size: medium;\">(118 cantantes y 110 instrumentistas)<\/span><\/p>\n<p><span style=\"font-size: large;\">En 93 escenarios <\/span><span style=\"font-size: medium;\">(69 en M\u00e9xico, 24 abroad)<\/span><\/p>\n<p><a class=\"button dark\" href=\"http:\/\/miguelsalmondelreal.com\/20-years-conducting\/conducted-soloists\/\">leer m\u00e1s<\/a><\/p>\n<hr \/>\n<h3><\/h3>\n<h4><span style=\"font-size: large;\">Estrenos<\/span><\/h4>\n<p><span style=\"font-size: large;\">M\u00e1s de 100 estrenos absolutos de obras del siglo XXI<\/span><\/p>\n<p><span style=\"font-size: large;\">(Escritas por 76 compositores mexicanos vivos)<\/span><\/p>\n<p><a class=\"button dark\" href=\"http:\/\/miguelsalmondelreal.com\/20-years-conducting\/premieres-catalogue\/\">leer m\u00e1s<\/a><\/p>","protected":false},"excerpt":{"rendered":"<p>Numeralia 2001 &#8211; 2021 42 orquestas dirigidas en 13 pa\u00edses 228 solistas dirigidos de 28 nacionalidades M\u00e1s de 100 estrenos absolutos de obras del siglo XXI Habiendo dirigido en 13 pa\u00edses (57 ciudades, 38 en Mexico, 20 en el extranjero) M\u00e9xico (2001 a 2021) Pa\u00edses Bajos (2003 a 2009) Alemania (2003, 2014 y 2017) Suiza [&hellip;]<\/p>\n","protected":false},"author":1,"featured_media":709,"parent":0,"menu_order":0,"comment_status":"closed","ping_status":"closed","template":"template-redesign.php","meta":{"footnotes":""},"class_list":["post-692","page","type-page","status-publish","has-post-thumbnail","hentry"],"_links":{"self":[{"href":"https:\/\/miguelsalmondelreal.com\/es\/wp-json\/wp\/v2\/pages\/692","targetHints":{"allow":["GET"]}}],"collection":[{"href":"https:\/\/miguelsalmondelreal.com\/es\/wp-json\/wp\/v2\/pages"}],"about":[{"href":"https:\/\/miguelsalmondelreal.com\/es\/wp-json\/wp\/v2\/types\/page"}],"author":[{"embeddable":true,"href":"https:\/\/miguelsalmondelreal.com\/es\/wp-json\/wp\/v2\/users\/1"}],"replies":[{"embeddable":true,"href":"https:\/\/miguelsalmondelreal.com\/es\/wp-json\/wp\/v2\/comments?post=692"}],"version-history":[{"count":38,"href":"https:\/\/miguelsalmondelreal.com\/es\/wp-json\/wp\/v2\/pages\/692\/revisions"}],"predecessor-version":[{"id":1262,"href":"https:\/\/miguelsalmondelreal.com\/es\/wp-json\/wp\/v2\/pages\/692\/revisions\/1262"}],"wp:featuredmedia":[{"embeddable":true,"href":"https:\/\/miguelsalmondelreal.com\/es\/wp-json\/wp\/v2\/media\/709"}],"wp:attachment":[{"href":"https:\/\/miguelsalmondelreal.com\/es\/wp-json\/wp\/v2\/media?parent=692"}],"curies":[{"name":"wp","href":"https:\/\/api.w.org\/{rel}","templated":true}]}}