{"id":25,"date":"2016-01-20T13:38:59","date_gmt":"2016-01-20T19:38:59","guid":{"rendered":"http:\/\/localhost\/miguelsalmondelreal\/?page_id=25"},"modified":"2025-05-11T23:17:55","modified_gmt":"2025-05-12T05:17:55","slug":"el-canto-eterno-de-la-gran-musica-podcast","status":"publish","type":"page","link":"https:\/\/miguelsalmondelreal.com\/es\/el-canto-eterno-de-la-gran-musica-podcast\/","title":{"rendered":"El canto eterno de la gran m\u00fasica &#8211; versi\u00f3n radiof\u00f3nica"},"content":{"rendered":"<div class=\"wp-block-columns is-layout-flex wp-container-core-columns-is-layout-1 wp-block-columns-is-layout-flex\">\n<div class=\"wp-block-column is-layout-flow wp-block-column-is-layout-flow\" style=\"flex-basis:33%\">\n<figure class=\"wp-block-image size-full\"><img loading=\"lazy\" decoding=\"async\" width=\"426\" height=\"638\" data-attachment-id=\"1147\" data-permalink=\"https:\/\/miguelsalmondelreal.com\/es\/el_gran_canto_podcast_miguel_salmon_del_real_logo_2025_wht_lg\/\" data-orig-file=\"https:\/\/i0.wp.com\/miguelsalmondelreal.com\/wp-content\/uploads\/2025\/05\/el_gran_canto_podcast_miguel_salmon_del_real_logo_2025_wht_lg.png?fit=426%2C638&amp;ssl=1\" data-orig-size=\"426,638\" data-comments-opened=\"0\" data-image-meta=\"{&quot;aperture&quot;:&quot;0&quot;,&quot;credit&quot;:&quot;&quot;,&quot;camera&quot;:&quot;&quot;,&quot;caption&quot;:&quot;&quot;,&quot;created_timestamp&quot;:&quot;0&quot;,&quot;copyright&quot;:&quot;&quot;,&quot;focal_length&quot;:&quot;0&quot;,&quot;iso&quot;:&quot;0&quot;,&quot;shutter_speed&quot;:&quot;0&quot;,&quot;title&quot;:&quot;&quot;,&quot;orientation&quot;:&quot;0&quot;}\" data-image-title=\"el_gran_canto_podcast_miguel_salmon_del_real_logo_2025_wht_lg\" data-image-description=\"\" data-medium-file=\"https:\/\/i0.wp.com\/miguelsalmondelreal.com\/wp-content\/uploads\/2025\/05\/el_gran_canto_podcast_miguel_salmon_del_real_logo_2025_wht_lg.png?fit=200%2C300&amp;ssl=1\" data-large-file=\"https:\/\/i0.wp.com\/miguelsalmondelreal.com\/wp-content\/uploads\/2025\/05\/el_gran_canto_podcast_miguel_salmon_del_real_logo_2025_wht_lg.png?fit=426%2C638&amp;ssl=1\" src=\"https:\/\/i0.wp.com\/miguelsalmondelreal.com\/wp-content\/uploads\/2025\/05\/el_gran_canto_podcast_miguel_salmon_del_real_logo_2025_wht_lg.png?resize=426%2C638&#038;ssl=1\" alt=\"\" class=\"wp-image-1147\" srcset=\"https:\/\/i0.wp.com\/miguelsalmondelreal.com\/wp-content\/uploads\/2025\/05\/el_gran_canto_podcast_miguel_salmon_del_real_logo_2025_wht_lg.png?w=426&amp;ssl=1 426w, https:\/\/i0.wp.com\/miguelsalmondelreal.com\/wp-content\/uploads\/2025\/05\/el_gran_canto_podcast_miguel_salmon_del_real_logo_2025_wht_lg.png?resize=200%2C300&amp;ssl=1 200w, https:\/\/i0.wp.com\/miguelsalmondelreal.com\/wp-content\/uploads\/2025\/05\/el_gran_canto_podcast_miguel_salmon_del_real_logo_2025_wht_lg.png?resize=250%2C374&amp;ssl=1 250w\" sizes=\"auto, (max-width: 426px) 100vw, 426px\" data-recalc-dims=\"1\" \/><\/figure>\n\n\n\n<p class=\"has-text-align-center has-text-color has-link-color wp-elements-556cadd2ccd34e90d04e3152945ea6fd\" style=\"color:#9d9583\">Versi\u00f3n Radiof\u00f3nica<\/p>\n<\/div>\n\n\n\n<div class=\"wp-block-column is-layout-flow wp-block-column-is-layout-flow\"><div class=\"epyt-gallery\" data-currpage=\"1\" id=\"epyt_gallery_57181\"><div class=\"epyt-video-wrapper\"><div  id=\"_ytid_25211\"  width=\"1050\" height=\"590\"  data-origwidth=\"1050\" data-origheight=\"590\" data-facadesrc=\"https:\/\/www.youtube.com\/embed\/NsT3K7GrHRo?enablejsapi=1&#038;autoplay=0&#038;cc_load_policy=0&#038;cc_lang_pref=&#038;iv_load_policy=1&#038;loop=0&#038;rel=0&#038;fs=1&#038;playsinline=0&#038;autohide=2&#038;theme=dark&#038;color=red&#038;controls=1&#038;disablekb=0&#038;\" class=\"__youtube_prefs__ epyt-facade no-lazyload\" data-epytgalleryid=\"epyt_gallery_57181\"  data-epautoplay=\"1\" ><img decoding=\"async\" data-spai-excluded=\"true\" class=\"epyt-facade-poster skip-lazy\" loading=\"lazy\"  alt=\"YouTube player\"  src=\"https:\/\/i0.wp.com\/i.ytimg.com\/vi\/NsT3K7GrHRo\/maxresdefault.jpg?w=1050&#038;ssl=1\"  data-recalc-dims=\"1\" \/><button class=\"epyt-facade-play\" aria-label=\"Play\"><svg data-no-lazy=\"1\" height=\"100%\" version=\"1.1\" viewBox=\"0 0 68 48\" width=\"100%\"><path class=\"ytp-large-play-button-bg\" d=\"M66.52,7.74c-0.78-2.93-2.49-5.41-5.42-6.19C55.79,.13,34,0,34,0S12.21,.13,6.9,1.55 C3.97,2.33,2.27,4.81,1.48,7.74C0.06,13.05,0,24,0,24s0.06,10.95,1.48,16.26c0.78,2.93,2.49,5.41,5.42,6.19 C12.21,47.87,34,48,34,48s21.79-0.13,27.1-1.55c2.93-0.78,4.64-3.26,5.42-6.19C67.94,34.95,68,24,68,24S67.94,13.05,66.52,7.74z\" fill=\"#f00\"><\/path><path d=\"M 45,24 27,14 27,34\" fill=\"#fff\"><\/path><\/svg><\/button><\/div><\/div><div class=\"epyt-gallery-subscribe\"><a target=\"_blank\" class=\"epyt-gallery-subbutton\" href=\"https:\/\/www.youtube.com\/@miguelsalmondelreal9665?sub_confirmation=1\"><img decoding=\"async\" alt=\"subscribe\" src=\"https:\/\/i2.wp.com\/miguelsalmondelreal.com\/wp-content\/plugins\/youtube-embed-plus\/images\/play-subscribe.png?w=1050&#038;ssl=1\" data-recalc-dims=\"1\" \/>Suscr\u00edbete<\/a><\/div><div class=\"epyt-gallery-list\"><div class=\"epyt-pagination \"><div tabindex=\"0\" role=\"button\" class=\"epyt-pagebutton epyt-prev  hide \" data-playlistid=\"PLglujCxJUHNpEHGF6gT95tDq7-cIF6kJC\" data-pagesize=\"9\" data-pagetoken=\"\" data-epcolumns=\"3\" data-showtitle=\"1\" data-showpaging=\"1\" data-autonext=\"1\" data-thumbplay=\"1\"><div class=\"epyt-arrow\">&laquo;<\/div> <div>Prev<\/div><\/div><div class=\"epyt-pagenumbers hide\"><div class=\"epyt-current\">1<\/div><div class=\"epyt-pageseparator\"> \/ <\/div><div class=\"epyt-totalpages\">1<\/div><\/div><div tabindex=\"0\" role=\"button\" class=\"epyt-pagebutton epyt-next hide \" data-playlistid=\"PLglujCxJUHNpEHGF6gT95tDq7-cIF6kJC\" data-pagesize=\"9\" data-pagetoken=\"\" data-epcolumns=\"3\" data-showtitle=\"1\" data-showpaging=\"1\" data-autonext=\"1\" data-thumbplay=\"1\"><div>Next<\/div> <div class=\"epyt-arrow\">&raquo;<\/div><\/div><div class=\"epyt-loader\"><img loading=\"lazy\" decoding=\"async\" alt=\"loading\" width=\"16\" height=\"11\" src=\"https:\/\/i1.wp.com\/miguelsalmondelreal.com\/wp-content\/plugins\/youtube-embed-plus\/images\/gallery-page-loader.gif?resize=16%2C11&#038;ssl=1\" data-recalc-dims=\"1\"><\/div><\/div><div class=\"epyt-gallery-allthumbs  epyt-cols-3 \"><div tabindex=\"0\" role=\"button\" data-videoid=\"NsT3K7GrHRo\" class=\"epyt-gallery-thumb\"><div class=\"epyt-gallery-img-box\"><div class=\"epyt-gallery-img\" style=\"background-image: url(https:\/\/i.ytimg.com\/vi\/NsT3K7GrHRo\/hqdefault.jpg)\"><div class=\"epyt-gallery-playhover\"><img loading=\"lazy\" decoding=\"async\" alt=\"play\" class=\"epyt-play-img\" width=\"30\" height=\"23\" src=\"https:\/\/i2.wp.com\/miguelsalmondelreal.com\/wp-content\/plugins\/youtube-embed-plus\/images\/playhover.png?resize=30%2C23&#038;ssl=1\" data-no-lazy=\"1\" data-skipgform_ajax_framebjll=\"\" data-recalc-dims=\"1\" \/><div class=\"epyt-gallery-playcrutch\"><\/div><\/div><\/div><\/div><div class=\"epyt-gallery-title\">01 \/ &quot;El canto eterno de la gran m\u00fasica&quot; \/ El Canto Eterno de la Gran M\u00fasica<\/div><\/div><div tabindex=\"0\" role=\"button\" data-videoid=\"abm3wK7ExmA\" class=\"epyt-gallery-thumb\"><div class=\"epyt-gallery-img-box\"><div class=\"epyt-gallery-img\" style=\"background-image: url(https:\/\/i.ytimg.com\/vi\/abm3wK7ExmA\/hqdefault.jpg)\"><div class=\"epyt-gallery-playhover\"><img loading=\"lazy\" decoding=\"async\" alt=\"play\" class=\"epyt-play-img\" width=\"30\" height=\"23\" src=\"https:\/\/i2.wp.com\/miguelsalmondelreal.com\/wp-content\/plugins\/youtube-embed-plus\/images\/playhover.png?resize=30%2C23&#038;ssl=1\" data-no-lazy=\"1\" data-skipgform_ajax_framebjll=\"\" data-recalc-dims=\"1\" \/><div class=\"epyt-gallery-playcrutch\"><\/div><\/div><\/div><\/div><div class=\"epyt-gallery-title\">02 \/ &quot;La felicidad es una Eur\u00eddice&quot; \/ El Canto Eterno de la Gran M\u00fasica<\/div><\/div><div tabindex=\"0\" role=\"button\" data-videoid=\"Yr0B30ltbWc\" class=\"epyt-gallery-thumb\"><div class=\"epyt-gallery-img-box\"><div class=\"epyt-gallery-img\" style=\"background-image: url(https:\/\/i.ytimg.com\/vi\/Yr0B30ltbWc\/hqdefault.jpg)\"><div class=\"epyt-gallery-playhover\"><img loading=\"lazy\" decoding=\"async\" alt=\"play\" class=\"epyt-play-img\" width=\"30\" height=\"23\" src=\"https:\/\/i2.wp.com\/miguelsalmondelreal.com\/wp-content\/plugins\/youtube-embed-plus\/images\/playhover.png?resize=30%2C23&#038;ssl=1\" data-no-lazy=\"1\" data-skipgform_ajax_framebjll=\"\" data-recalc-dims=\"1\" \/><div class=\"epyt-gallery-playcrutch\"><\/div><\/div><\/div><\/div><div class=\"epyt-gallery-title\">03 \/ \u201cLa mitolog\u00eda irreconciliable de occidente\u201d \/ El Canto Eterno de la Gran M\u00fasica<\/div><\/div><div class=\"epyt-gallery-rowbreak\"><\/div><div tabindex=\"0\" role=\"button\" data-videoid=\"zVZqnGQcfqk\" class=\"epyt-gallery-thumb\"><div class=\"epyt-gallery-img-box\"><div class=\"epyt-gallery-img\" style=\"background-image: url(https:\/\/i.ytimg.com\/vi\/zVZqnGQcfqk\/hqdefault.jpg)\"><div class=\"epyt-gallery-playhover\"><img loading=\"lazy\" decoding=\"async\" alt=\"play\" class=\"epyt-play-img\" width=\"30\" height=\"23\" src=\"https:\/\/i2.wp.com\/miguelsalmondelreal.com\/wp-content\/plugins\/youtube-embed-plus\/images\/playhover.png?resize=30%2C23&#038;ssl=1\" data-no-lazy=\"1\" data-skipgform_ajax_framebjll=\"\" data-recalc-dims=\"1\" \/><div class=\"epyt-gallery-playcrutch\"><\/div><\/div><\/div><\/div><div class=\"epyt-gallery-title\">04 \/ &quot;De la m\u00fasica y la educaci\u00f3n en Arist\u00f3teles&quot; \/ El Canto Eterno de la Gran M\u00fasica<\/div><\/div><div tabindex=\"0\" role=\"button\" data-videoid=\"vPKcX71NGTE\" class=\"epyt-gallery-thumb\"><div class=\"epyt-gallery-img-box\"><div class=\"epyt-gallery-img\" style=\"background-image: url(https:\/\/i.ytimg.com\/vi\/vPKcX71NGTE\/hqdefault.jpg)\"><div class=\"epyt-gallery-playhover\"><img loading=\"lazy\" decoding=\"async\" alt=\"play\" class=\"epyt-play-img\" width=\"30\" height=\"23\" src=\"https:\/\/i2.wp.com\/miguelsalmondelreal.com\/wp-content\/plugins\/youtube-embed-plus\/images\/playhover.png?resize=30%2C23&#038;ssl=1\" data-no-lazy=\"1\" data-skipgform_ajax_framebjll=\"\" data-recalc-dims=\"1\" \/><div class=\"epyt-gallery-playcrutch\"><\/div><\/div><\/div><\/div><div class=\"epyt-gallery-title\">05 \/ \u201cJuli\u00e1n Carrillo: 13 ideas desconocidas (&#8230;)\u201d \/ El Canto Eterno de la Gran M\u00fasica<\/div><\/div><div tabindex=\"0\" role=\"button\" data-videoid=\"j91u3VYV4tE\" class=\"epyt-gallery-thumb\"><div class=\"epyt-gallery-img-box\"><div class=\"epyt-gallery-img\" style=\"background-image: url(https:\/\/i.ytimg.com\/vi\/j91u3VYV4tE\/hqdefault.jpg)\"><div class=\"epyt-gallery-playhover\"><img loading=\"lazy\" decoding=\"async\" alt=\"play\" class=\"epyt-play-img\" width=\"30\" height=\"23\" src=\"https:\/\/i2.wp.com\/miguelsalmondelreal.com\/wp-content\/plugins\/youtube-embed-plus\/images\/playhover.png?resize=30%2C23&#038;ssl=1\" data-no-lazy=\"1\" data-skipgform_ajax_framebjll=\"\" data-recalc-dims=\"1\" \/><div class=\"epyt-gallery-playcrutch\"><\/div><\/div><\/div><\/div><div class=\"epyt-gallery-title\">06 \/ \u201cEl coraz\u00f3n que Szeryng dej\u00f3 en M\u00e9xico\u201d \/ El Canto Eterno de la Gran M\u00fasica<\/div><\/div><div class=\"epyt-gallery-rowbreak\"><\/div><div tabindex=\"0\" role=\"button\" data-videoid=\"W5Cw9tNgvoA\" class=\"epyt-gallery-thumb\"><div class=\"epyt-gallery-img-box\"><div class=\"epyt-gallery-img\" style=\"background-image: url(https:\/\/i.ytimg.com\/vi\/W5Cw9tNgvoA\/hqdefault.jpg)\"><div class=\"epyt-gallery-playhover\"><img loading=\"lazy\" decoding=\"async\" alt=\"play\" class=\"epyt-play-img\" width=\"30\" height=\"23\" src=\"https:\/\/i2.wp.com\/miguelsalmondelreal.com\/wp-content\/plugins\/youtube-embed-plus\/images\/playhover.png?resize=30%2C23&#038;ssl=1\" data-no-lazy=\"1\" data-skipgform_ajax_framebjll=\"\" data-recalc-dims=\"1\" \/><div class=\"epyt-gallery-playcrutch\"><\/div><\/div><\/div><\/div><div class=\"epyt-gallery-title\">07 \/ &quot;De la Venecia barroca al Buenos Aires porte\u00f1o (&#8230;)&quot; \/ El Canto Eterno de la Gran M\u00fasica<\/div><\/div><div tabindex=\"0\" role=\"button\" data-videoid=\"32qfEUTj_9E\" class=\"epyt-gallery-thumb\"><div class=\"epyt-gallery-img-box\"><div class=\"epyt-gallery-img\" style=\"background-image: url(https:\/\/i.ytimg.com\/vi\/32qfEUTj_9E\/hqdefault.jpg)\"><div class=\"epyt-gallery-playhover\"><img loading=\"lazy\" decoding=\"async\" alt=\"play\" class=\"epyt-play-img\" width=\"30\" height=\"23\" src=\"https:\/\/i2.wp.com\/miguelsalmondelreal.com\/wp-content\/plugins\/youtube-embed-plus\/images\/playhover.png?resize=30%2C23&#038;ssl=1\" data-no-lazy=\"1\" data-skipgform_ajax_framebjll=\"\" data-recalc-dims=\"1\" \/><div class=\"epyt-gallery-playcrutch\"><\/div><\/div><\/div><\/div><div class=\"epyt-gallery-title\">08 \/ \u201cBoulez, presente tras su partida\u201d \/ El Canto Eterno de la Gran M\u00fasica<\/div><\/div><div tabindex=\"0\" role=\"button\" data-videoid=\"0f3D6OL6L2w\" class=\"epyt-gallery-thumb\"><div class=\"epyt-gallery-img-box\"><div class=\"epyt-gallery-img\" style=\"background-image: url(https:\/\/i.ytimg.com\/vi\/0f3D6OL6L2w\/hqdefault.jpg)\"><div class=\"epyt-gallery-playhover\"><img loading=\"lazy\" decoding=\"async\" alt=\"play\" class=\"epyt-play-img\" width=\"30\" height=\"23\" src=\"https:\/\/i2.wp.com\/miguelsalmondelreal.com\/wp-content\/plugins\/youtube-embed-plus\/images\/playhover.png?resize=30%2C23&#038;ssl=1\" data-no-lazy=\"1\" data-skipgform_ajax_framebjll=\"\" data-recalc-dims=\"1\" \/><div class=\"epyt-gallery-playcrutch\"><\/div><\/div><\/div><\/div><div class=\"epyt-gallery-title\">09 \/ \u201cHumberto Hern\u00e1ndez-Medrano. In Memoriam\u201d \/ El Canto Eterno de la Gran M\u00fasica<\/div><\/div><div class=\"epyt-gallery-rowbreak\"><\/div><div class=\"epyt-gallery-clear\"><\/div><\/div><div class=\"epyt-pagination \"><div tabindex=\"0\" role=\"button\" class=\"epyt-pagebutton epyt-prev  hide \" data-playlistid=\"PLglujCxJUHNpEHGF6gT95tDq7-cIF6kJC\" data-pagesize=\"9\" data-pagetoken=\"\" data-epcolumns=\"3\" data-showtitle=\"1\" data-showpaging=\"1\" data-autonext=\"1\" data-thumbplay=\"1\"><div class=\"epyt-arrow\">&laquo;<\/div> <div>Prev<\/div><\/div><div class=\"epyt-pagenumbers hide\"><div class=\"epyt-current\">1<\/div><div class=\"epyt-pageseparator\"> \/ <\/div><div class=\"epyt-totalpages\">1<\/div><\/div><div tabindex=\"0\" role=\"button\" class=\"epyt-pagebutton epyt-next hide \" data-playlistid=\"PLglujCxJUHNpEHGF6gT95tDq7-cIF6kJC\" data-pagesize=\"9\" data-pagetoken=\"\" data-epcolumns=\"3\" data-showtitle=\"1\" data-showpaging=\"1\" data-autonext=\"1\" data-thumbplay=\"1\"><div>Next<\/div> <div class=\"epyt-arrow\">&raquo;<\/div><\/div><div class=\"epyt-loader\"><img loading=\"lazy\" decoding=\"async\" alt=\"loading\" width=\"16\" height=\"11\" src=\"https:\/\/i1.wp.com\/miguelsalmondelreal.com\/wp-content\/plugins\/youtube-embed-plus\/images\/gallery-page-loader.gif?resize=16%2C11&#038;ssl=1\" data-recalc-dims=\"1\"><\/div><\/div><\/div><\/div><\/div>\n<\/div>","protected":false},"excerpt":{"rendered":"<p>Versi\u00f3n Radiof\u00f3nica<\/p>\n","protected":false},"author":1,"featured_media":0,"parent":0,"menu_order":0,"comment_status":"closed","ping_status":"closed","template":"template-nohero.php","meta":{"footnotes":""},"class_list":["post-25","page","type-page","status-publish","hentry"],"_links":{"self":[{"href":"https:\/\/miguelsalmondelreal.com\/es\/wp-json\/wp\/v2\/pages\/25","targetHints":{"allow":["GET"]}}],"collection":[{"href":"https:\/\/miguelsalmondelreal.com\/es\/wp-json\/wp\/v2\/pages"}],"about":[{"href":"https:\/\/miguelsalmondelreal.com\/es\/wp-json\/wp\/v2\/types\/page"}],"author":[{"embeddable":true,"href":"https:\/\/miguelsalmondelreal.com\/es\/wp-json\/wp\/v2\/users\/1"}],"replies":[{"embeddable":true,"href":"https:\/\/miguelsalmondelreal.com\/es\/wp-json\/wp\/v2\/comments?post=25"}],"version-history":[{"count":15,"href":"https:\/\/miguelsalmondelreal.com\/es\/wp-json\/wp\/v2\/pages\/25\/revisions"}],"predecessor-version":[{"id":1172,"href":"https:\/\/miguelsalmondelreal.com\/es\/wp-json\/wp\/v2\/pages\/25\/revisions\/1172"}],"wp:attachment":[{"href":"https:\/\/miguelsalmondelreal.com\/es\/wp-json\/wp\/v2\/media?parent=25"}],"curies":[{"name":"wp","href":"https:\/\/api.w.org\/{rel}","templated":true}]}}