{"id":1203,"date":"2025-05-12T01:48:32","date_gmt":"2025-05-12T07:48:32","guid":{"rendered":"https:\/\/miguelsalmondelreal.com\/?page_id=1203"},"modified":"2025-05-12T22:35:22","modified_gmt":"2025-05-13T04:35:22","slug":"libro-el-canto-eterno-de-la-gran-musica","status":"publish","type":"page","link":"https:\/\/miguelsalmondelreal.com\/es\/libro-el-canto-eterno-de-la-gran-musica\/","title":{"rendered":"Libro &#8211; \u201cEl canto eterno de la gran m\u00fasica\u201d"},"content":{"rendered":"\n<div class=\"wp-block-columns is-layout-flex wp-container-core-columns-is-layout-1 wp-block-columns-is-layout-flex\">\n<div class=\"wp-block-column is-layout-flow wp-block-column-is-layout-flow\" style=\"flex-basis:60%\">\n<figure class=\"wp-block-image size-large\"><img loading=\"lazy\" decoding=\"async\" width=\"877\" height=\"1417\" data-attachment-id=\"1204\" data-permalink=\"https:\/\/miguelsalmondelreal.com\/es\/libro-el-canto-eterno-de-la-gran-musica\/version-1-0-0\/\" data-orig-file=\"https:\/\/i0.wp.com\/miguelsalmondelreal.com\/wp-content\/uploads\/2025\/05\/el_gran_canto_podcast_miguel_salmon_del_real_cover_2024.jpg?fit=877%2C1417&amp;ssl=1\" data-orig-size=\"877,1417\" data-comments-opened=\"0\" data-image-meta=\"{&quot;aperture&quot;:&quot;0&quot;,&quot;credit&quot;:&quot;&quot;,&quot;camera&quot;:&quot;&quot;,&quot;caption&quot;:&quot;Version 1.0.0&quot;,&quot;created_timestamp&quot;:&quot;0&quot;,&quot;copyright&quot;:&quot;&quot;,&quot;focal_length&quot;:&quot;0&quot;,&quot;iso&quot;:&quot;0&quot;,&quot;shutter_speed&quot;:&quot;0&quot;,&quot;title&quot;:&quot;Version 1.0.0&quot;,&quot;orientation&quot;:&quot;0&quot;}\" data-image-title=\"Version 1.0.0\" data-image-description=\"\" data-medium-file=\"https:\/\/i0.wp.com\/miguelsalmondelreal.com\/wp-content\/uploads\/2025\/05\/el_gran_canto_podcast_miguel_salmon_del_real_cover_2024.jpg?fit=186%2C300&amp;ssl=1\" data-large-file=\"https:\/\/i0.wp.com\/miguelsalmondelreal.com\/wp-content\/uploads\/2025\/05\/el_gran_canto_podcast_miguel_salmon_del_real_cover_2024.jpg?fit=743%2C1200&amp;ssl=1\" src=\"https:\/\/i0.wp.com\/miguelsalmondelreal.com\/wp-content\/uploads\/2025\/05\/el_gran_canto_podcast_miguel_salmon_del_real_cover_2024.jpg?fit=743%2C1200&amp;ssl=1\" alt=\"\" class=\"wp-image-1204\" srcset=\"https:\/\/i0.wp.com\/miguelsalmondelreal.com\/wp-content\/uploads\/2025\/05\/el_gran_canto_podcast_miguel_salmon_del_real_cover_2024.jpg?w=877&amp;ssl=1 877w, https:\/\/i0.wp.com\/miguelsalmondelreal.com\/wp-content\/uploads\/2025\/05\/el_gran_canto_podcast_miguel_salmon_del_real_cover_2024.jpg?resize=186%2C300&amp;ssl=1 186w, https:\/\/i0.wp.com\/miguelsalmondelreal.com\/wp-content\/uploads\/2025\/05\/el_gran_canto_podcast_miguel_salmon_del_real_cover_2024.jpg?resize=743%2C1200&amp;ssl=1 743w, https:\/\/i0.wp.com\/miguelsalmondelreal.com\/wp-content\/uploads\/2025\/05\/el_gran_canto_podcast_miguel_salmon_del_real_cover_2024.jpg?resize=250%2C404&amp;ssl=1 250w\" sizes=\"auto, (max-width: 877px) 100vw, 877px\" \/><\/figure>\n<\/div>\n\n\n\n<div class=\"wp-block-column is-vertically-aligned-center is-layout-flow wp-block-column-is-layout-flow\" style=\"flex-basis:40%\">\n<p class=\"has-small-font-size\">LIBRO<\/p>\n\n\n\n<h2 class=\"wp-block-heading has-large-font-size\"><strong>El canto eterno de la gran m\u00fasica<\/strong><\/h2>\n\n\n\n<p>En m\u00fasica, el Pierrot Lunaire, op.21, escrito en 1912 por Arnold<br>Sch\u00f6nberg, agrupa 21 fragmentos musicales para conformar una<br>obra.<br>En tanto director de orquesta, el autor seleccion\u00f3 21 textos escritos y publicados en medios period\u00edsticos entre el final de 2020 y el inicio de 2023, los cuales conforman una suite de igual n\u00famero de miniaturas&#8230;<\/p>\n\n\n\n<div class=\"wp-block-buttons is-layout-flex wp-block-buttons-is-layout-flex\">\n<div class=\"wp-block-button has-custom-width wp-block-button__width-100 has-custom-font-size has-medium-font-size\"><a class=\"wp-block-button__link has-white-color has-text-color has-background has-link-color wp-element-button\" href=\"https:\/\/a.co\/d\/eZdRa4A\" style=\"border-radius:5px;background-color:#c19c5d\" target=\"_blank\" rel=\"noreferrer noopener\">Amazon Kindle <strong>\u21b1<\/strong><\/a><\/div>\n<\/div>\n\n\n\n<div style=\"height:15px\" aria-hidden=\"true\" class=\"wp-block-spacer\"><\/div>\n\n\n\n<div class=\"wp-block-buttons has-custom-font-size has-small-font-size is-layout-flex wp-block-buttons-is-layout-flex\">\n<div class=\"wp-block-button is-style-outline is-style-outline--1\"><a class=\"wp-block-button__link has-text-color has-link-color wp-element-button\" href=\"https:\/\/pendulo.com\/libro\/canto-eterno-de-la-gran-musica-el_457610\" style=\"border-radius:5px;color:#9d7e49\" target=\"_blank\" rel=\"noreferrer noopener\">Cafebrer\u00eda el P\u00e9ndulo <strong>\u21b1<\/strong><\/a><\/div>\n\n\n\n<div class=\"wp-block-button is-style-outline is-style-outline--2\"><a class=\"wp-block-button__link has-text-color has-link-color wp-element-button\" href=\"https:\/\/www.sanborns.com.mx\/producto\/451457\/el-canto-eterno-de-la-gran-musica\" style=\"border-radius:5px;color:#b32727\" target=\"_blank\" rel=\"noreferrer noopener\">Sanborns <strong>\u21b1<\/strong><\/a><\/div>\n\n\n\n<div class=\"wp-block-button is-style-outline is-style-outline--3\"><a class=\"wp-block-button__link has-text-color has-link-color wp-element-button\" href=\"https:\/\/www.gonvill.com.mx\/libro\/canto-eterno-de-la-gran-musica-el_26790042\" style=\"border-radius:5px;color:#0d72ae\" target=\"_blank\" rel=\"noreferrer noopener\">Gonvill Librer\u00edas <strong>\u21b1<\/strong><\/a><\/div>\n\n\n\n<div class=\"wp-block-button is-style-outline is-style-outline--4\"><a class=\"wp-block-button__link has-black-color has-text-color has-link-color wp-element-button\" href=\"https:\/\/www.exitlalibreria.com\/libro\/el-canto-eterno-de-la-gran-musica_10382\" style=\"border-radius:5px\" target=\"_blank\" rel=\"noreferrer noopener\">Exit Librer\u00edas <strong>\u21b1<\/strong><\/a><\/div>\n<\/div>\n<\/div>\n<\/div>\n","protected":false},"excerpt":{"rendered":"<p>LIBRO El canto eterno de la gran m\u00fasica En m\u00fasica, el Pierrot Lunaire, op.21, escrito en 1912 por ArnoldSch\u00f6nberg, agrupa 21 fragmentos musicales para conformar unaobra.En tanto director de orquesta, el autor seleccion\u00f3 21 textos escritos y publicados en medios period\u00edsticos entre el final de 2020 y el inicio de 2023, los cuales conforman una [&hellip;]<\/p>\n","protected":false},"author":1,"featured_media":0,"parent":0,"menu_order":0,"comment_status":"closed","ping_status":"closed","template":"template-nohero.php","meta":{"footnotes":""},"class_list":["post-1203","page","type-page","status-publish","hentry"],"_links":{"self":[{"href":"https:\/\/miguelsalmondelreal.com\/es\/wp-json\/wp\/v2\/pages\/1203","targetHints":{"allow":["GET"]}}],"collection":[{"href":"https:\/\/miguelsalmondelreal.com\/es\/wp-json\/wp\/v2\/pages"}],"about":[{"href":"https:\/\/miguelsalmondelreal.com\/es\/wp-json\/wp\/v2\/types\/page"}],"author":[{"embeddable":true,"href":"https:\/\/miguelsalmondelreal.com\/es\/wp-json\/wp\/v2\/users\/1"}],"replies":[{"embeddable":true,"href":"https:\/\/miguelsalmondelreal.com\/es\/wp-json\/wp\/v2\/comments?post=1203"}],"version-history":[{"count":23,"href":"https:\/\/miguelsalmondelreal.com\/es\/wp-json\/wp\/v2\/pages\/1203\/revisions"}],"predecessor-version":[{"id":1237,"href":"https:\/\/miguelsalmondelreal.com\/es\/wp-json\/wp\/v2\/pages\/1203\/revisions\/1237"}],"wp:attachment":[{"href":"https:\/\/miguelsalmondelreal.com\/es\/wp-json\/wp\/v2\/media?parent=1203"}],"curies":[{"name":"wp","href":"https:\/\/api.w.org\/{rel}","templated":true}]}}